{"id":567,"date":"2019-10-23T14:19:41","date_gmt":"2019-10-23T14:19:41","guid":{"rendered":"https:\/\/marubidentalcenter.com\/index.php\/home\/"},"modified":"2021-03-08T09:06:32","modified_gmt":"2021-03-08T09:06:32","slug":"home","status":"publish","type":"page","link":"https:\/\/marubidentalcenter.com\/index.php\/home\/?lang=it","title":{"rendered":"HOME"},"content":{"rendered":"<div class=\"wpb-content-wrapper\"><p>[vc_row][vc_column][vc_empty_space height=&#8221;62px&#8221;][\/vc_column][\/vc_row][vc_row][vc_column]<div id=\"ult-carousel-191789042069f56da11a267\" class=\"ult-carousel-wrapper   ult_horizontal\" data-gutter=\"15\" data-rtl=\"false\" ><div class=\"ult-carousel-371333043469f56da11a183 \" ><div class=\"ult-item-wrap\" data-animation=\"animated no-animation\"><div class=\"ult-content-box-container kuti\" >\t\t<div class=\"ult-content-box\" style=\"background-image:url(&#039;https:\/\/marubidentalcenter.com\/wp-content\/uploads\/2019\/10\/2-1.jpg&#039;);background-size: cover;background-repeat: repeat;background-position: center center;background-color: rgba(0, 0, 0, 0);box-shadow: px px px px none;-webkit-transition: all 700ms ease;-moz-transition: all 700ms ease;-ms-transition: all 700ms ease;-o-transition: all 700ms ease;transition: all 700ms ease;\"  data-hover_box_shadow=\"none\"    >[vc_empty_space height=&#8221;300px&#8221;][vc_custom_heading text=&#8221;Odontoiatria generale &#8221; font_container=&#8221;tag:h2|font_size:25|text_align:left|color:%230984e3&#8243; google_fonts=&#8221;font_family:Montserrat%3Aregular%2C700|font_style:700%20bold%20regular%3A700%3Anormal&#8221; css=&#8221;.vc_custom_1615194132253{padding-top: 20px !important;padding-left: 20px !important;}&#8221; link=&#8221;url:https%3A%2F%2Fmarubidentalcenter.com%2Findex.php%2Fodontoiatria-generale%2F%3Flang%3Dit|title:Odontoiatria%20generale||&#8221;][vc_custom_heading text=&#8221;Ofrojm\u00eb trajtime t\u00eb s\u00ebmundjeve t\u00eb mishit t\u00eb dh\u00ebmb\u00ebve si dhe trajtime t\u00eb nevojshme<br \/>\nt\u00eb kanaleve t\u00eb rr\u00ebnj\u00ebs s\u00eb dh\u00ebmbit &#8230;&#8221; font_container=&#8221;tag:p|text_align:left|color:%23333333&#8243; google_fonts=&#8221;font_family:Montserrat%3Aregular%2C700|font_style:400%20regular%3A400%3Anormal&#8221; css=&#8221;.vc_custom_1598612548481{padding-left: 20px !important;}&#8221;][vc_empty_space height=&#8221;20px&#8221;][vc_custom_heading text=&#8221;Leggi di pi\u00f9&#8221; font_container=&#8221;tag:p|text_align:left|color:%230984e3&#8243; google_fonts=&#8221;font_family:Montserrat%3Aregular%2C700|font_style:700%20bold%20regular%3A700%3Anormal&#8221; css=&#8221;.vc_custom_1615194171358{padding-left: 20px !important;}&#8221; link=&#8221;url:https%3A%2F%2Fmarubidentalcenter.com%2Findex.php%2Fodontoiatria-generale%2F%3Flang%3Dit|title:Odontoiatria%20generale||&#8221;][vc_empty_space height=&#8221;5px&#8221;]\t\t<\/div><\/div><\/div><div class=\"ult-item-wrap\" data-animation=\"animated no-animation\"><div class=\"ult-content-box-container kuti\" >\t\t<div class=\"ult-content-box\" style=\"background-image:url(&#039;https:\/\/marubidentalcenter.com\/wp-content\/uploads\/2019\/10\/3-1.jpg&#039;);background-size: cover;background-repeat: repeat;background-position: center center;background-color: rgba(0, 0, 0, 0);box-shadow: px px px px none;-webkit-transition: all 700ms ease;-moz-transition: all 700ms ease;-ms-transition: all 700ms ease;-o-transition: all 700ms ease;transition: all 700ms ease;\"  data-hover_box_shadow=\"none\"    >[vc_empty_space height=&#8221;300px&#8221;][vc_custom_heading text=&#8221;Ortodonzia&#8221; font_container=&#8221;tag:h2|font_size:25|text_align:left|color:%2300b894&#8243; google_fonts=&#8221;font_family:Montserrat%3Aregular%2C700|font_style:700%20bold%20regular%3A700%3Anormal&#8221; css=&#8221;.vc_custom_1615194196469{padding-top: 20px !important;padding-left: 20px !important;}&#8221; link=&#8221;url:https%3A%2F%2Fmarubidentalcenter.com%2Findex.php%2Fortodonzia%2F%3Flang%3Dit|title:Ortodonzia||&#8221;][vc_custom_heading text=&#8221;Apparecchi ortodontici mobili e fissi. La ortodonzia ha lo scopo di correggere le anomalie della posizione dei denti e le anomalie delle arcate dentarie Prima del&#8221; font_container=&#8221;tag:p|text_align:left|color:%23333333&#8243; google_fonts=&#8221;font_family:Montserrat%3Aregular%2C700|font_style:400%20regular%3A400%3Anormal&#8221; css=&#8221;.vc_custom_1615194359933{padding-left: 20px !important;}&#8221;][vc_empty_space height=&#8221;30px&#8221;][vc_custom_heading text=&#8221;Leggi di pi\u00f9&#8221; font_container=&#8221;tag:p|text_align:left|color:%2300b894&#8243; google_fonts=&#8221;font_family:Montserrat%3Aregular%2C700|font_style:700%20bold%20regular%3A700%3Anormal&#8221; css=&#8221;.vc_custom_1615194188478{padding-left: 20px !important;}&#8221; link=&#8221;url:https%3A%2F%2Fmarubidentalcenter.com%2Findex.php%2Fortodonzia%2F%3Flang%3Dit|title:Ortodonzia||&#8221;][vc_empty_space height=&#8221;5px&#8221;]\t\t<\/div><\/div><\/div><div class=\"ult-item-wrap\" data-animation=\"animated no-animation\"><div class=\"ult-content-box-container kuti\" >\t\t<div class=\"ult-content-box\" style=\"background-image:url(&#039;https:\/\/marubidentalcenter.com\/wp-content\/uploads\/2020\/08\/lazeri.png&#039;);background-size: cover;background-repeat: repeat;background-position: center center;background-color: rgba(0, 0, 0, 0);box-shadow: px px px px none;-webkit-transition: all 700ms ease;-moz-transition: all 700ms ease;-ms-transition: all 700ms ease;-o-transition: all 700ms ease;transition: all 700ms ease;\"  data-hover_box_shadow=\"none\"    >[vc_empty_space height=&#8221;300px&#8221;][vc_custom_heading text=&#8221;Trattamento Laser&#8221; font_container=&#8221;tag:h2|font_size:25|text_align:left|color:%23fdcb6e&#8221; google_fonts=&#8221;font_family:Montserrat%3Aregular%2C700|font_style:700%20bold%20regular%3A700%3Anormal&#8221; css=&#8221;.vc_custom_1615194208949{padding-top: 20px !important;padding-left: 20px !important;}&#8221; link=&#8221;url:https%3A%2F%2Fmarubidentalcenter.com%2Findex.php%2Ftrattamento-laser%2F%3Flang%3Dit|title:Trattamento%20%20Laser||&#8221;][vc_custom_heading text=&#8221;Ofrojm\u00eb p\u00ebrdorimin e lazerit p\u00ebr shum\u00eb procedura n\u00eb goj\u00eb e dh\u00ebmb\u00eb si : zbardhimi, trajtim i afteve, trajtim perikoroniti n\u00eb dh\u00ebmb\u00ebt e pjekuris\u00eb &#8230;&#8221; font_container=&#8221;tag:p|text_align:left|color:%23333333&#8243; google_fonts=&#8221;font_family:Montserrat%3Aregular%2C700|font_style:400%20regular%3A400%3Anormal&#8221; css=&#8221;.vc_custom_1598613768408{padding-left: 20px !important;}&#8221;][vc_empty_space height=&#8221;20px&#8221;][vc_custom_heading text=&#8221;Leggi di pi\u00f9&#8221; font_container=&#8221;tag:p|text_align:left|color:%23fdcb6e&#8221; google_fonts=&#8221;font_family:Montserrat%3Aregular%2C700|font_style:700%20bold%20regular%3A700%3Anormal&#8221; css=&#8221;.vc_custom_1615194217180{padding-left: 20px !important;}&#8221; link=&#8221;url:https%3A%2F%2Fmarubidentalcenter.com%2Findex.php%2Ftrattamento-laser%2F%3Flang%3Dit|title:Trattamento%20%20Laser||&#8221;][vc_empty_space height=&#8221;5px&#8221;]\t\t<\/div><\/div><\/div><div class=\"ult-item-wrap\" data-animation=\"animated no-animation\"><div class=\"ult-content-box-container kuti\" >\t\t<div class=\"ult-content-box\" style=\"background-image:url(&#039;https:\/\/marubidentalcenter.com\/wp-content\/uploads\/2019\/10\/2-1.jpg&#039;);background-size: cover;background-repeat: repeat;background-position: center center;background-color: rgba(0, 0, 0, 0);box-shadow: px px px px none;-webkit-transition: all 700ms ease;-moz-transition: all 700ms ease;-ms-transition: all 700ms ease;-o-transition: all 700ms ease;transition: all 700ms ease;\"  data-hover_box_shadow=\"none\"    >[vc_empty_space height=&#8221;300px&#8221;][vc_custom_heading text=&#8221;Odontoiatria Estetica&#8221; font_container=&#8221;tag:h2|font_size:25|text_align:left|color:%230984e3&#8243; google_fonts=&#8221;font_family:Montserrat%3Aregular%2C700|font_style:700%20bold%20regular%3A700%3Anormal&#8221; css=&#8221;.vc_custom_1615194229317{padding-top: 20px !important;padding-left: 20px !important;}&#8221; link=&#8221;url:https%3A%2F%2Fmarubidentalcenter.com%2Findex.php%2Fodontoiatria-estetica%2F%3Flang%3Dit|title:Odontoiatria%20Estetica||&#8221;][vc_custom_heading text=&#8221;Ofrojm\u00eb pastrime profesionale t\u00eb dh\u00ebmb\u00ebve, zbardhime profesionale t\u00eb tyre, faseta emax, kurora Zirkoni \/ Prettau \/ E-Max si dhe Mbushje estetike kompoziti&#8230;&#8221; font_container=&#8221;tag:p|text_align:left|color:%23333333&#8243; google_fonts=&#8221;font_family:Montserrat%3Aregular%2C700|font_style:400%20regular%3A400%3Anormal&#8221; css=&#8221;.vc_custom_1615193530101{padding-left: 20px !important;}&#8221;][vc_empty_space height=&#8221;20px&#8221;][vc_custom_heading text=&#8221;Leggi di pi\u00f9&#8221; font_container=&#8221;tag:p|text_align:left|color:%230984e3&#8243; google_fonts=&#8221;font_family:Montserrat%3Aregular%2C700|font_style:700%20bold%20regular%3A700%3Anormal&#8221; css=&#8221;.vc_custom_1615194240852{padding-left: 20px !important;}&#8221; link=&#8221;url:https%3A%2F%2Fmarubidentalcenter.com%2Findex.php%2Fodontoiatria-estetica%2F%3Flang%3Dit|title:Odontoiatria%20Estetica||&#8221;][vc_empty_space height=&#8221;5px&#8221;]\t\t<\/div><\/div><\/div><div class=\"ult-item-wrap\" data-animation=\"animated no-animation\"><div class=\"ult-content-box-container kuti\" >\t\t<div class=\"ult-content-box\" style=\"background-image:url(&#039;https:\/\/marubidentalcenter.com\/wp-content\/uploads\/2019\/10\/1-1.jpg&#039;);background-size: cover;background-repeat: repeat;background-position: center center;background-color: rgba(0, 0, 0, 0);box-shadow: px px px px none;-webkit-transition: all 700ms ease;-moz-transition: all 700ms ease;-ms-transition: all 700ms ease;-o-transition: all 700ms ease;transition: all 700ms ease;\"  data-hover_box_shadow=\"none\"    >[vc_empty_space height=&#8221;300px&#8221;][vc_custom_heading text=&#8221;Chirurgia orale&#8221; font_container=&#8221;tag:h2|font_size:25|text_align:left|color:%23fdcb6e&#8221; google_fonts=&#8221;font_family:Montserrat%3Aregular%2C700|font_style:700%20bold%20regular%3A700%3Anormal&#8221; css=&#8221;.vc_custom_1615194251292{padding-top: 20px !important;padding-left: 20px !important;}&#8221; link=&#8221;url:https%3A%2F%2Fmarubidentalcenter.com%2Findex.php%2Fchirurgia-orale%2F%3Flang%3Dit|title:Chirurgia%20Orale||&#8221;][vc_custom_heading text=&#8221;Ofrojm\u00eb kirurgji dentale p\u00ebr heqjen e dh\u00ebmball\u00ebve t\u00eb pjekuris\u00eb, rezeksion apikal, kirurgji parodontale-trajtim me lazer si dhe trajtimi i Abceseve dhe kistave.&#8221; font_container=&#8221;tag:p|text_align:left|color:%23333333&#8243; google_fonts=&#8221;font_family:Montserrat%3Aregular%2C700|font_style:400%20regular%3A400%3Anormal&#8221; css=&#8221;.vc_custom_1615193810685{padding-left: 20px !important;}&#8221;][vc_empty_space height=&#8221;20px&#8221;][vc_custom_heading text=&#8221;Leggi di pi\u00f9&#8221; font_container=&#8221;tag:p|text_align:left|color:%23fdcb6e&#8221; google_fonts=&#8221;font_family:Montserrat%3Aregular%2C700|font_style:700%20bold%20regular%3A700%3Anormal&#8221; css=&#8221;.vc_custom_1615194284044{padding-left: 20px !important;}&#8221; link=&#8221;url:https%3A%2F%2Fmarubidentalcenter.com%2Findex.php%2Fchirurgia-orale%2F%3Flang%3Dit|title:Chirurgia%20Orale||&#8221;][vc_empty_space height=&#8221;5px&#8221;]\t\t<\/div><\/div><\/div><div class=\"ult-item-wrap\" data-animation=\"animated no-animation\"><div class=\"ult-content-box-container kuti\" >\t\t<div class=\"ult-content-box\" style=\"background-image:url(&#039;https:\/\/marubidentalcenter.com\/wp-content\/uploads\/2020\/08\/radiologjik.png&#039;);background-size: cover;background-repeat: repeat;background-position: center center;background-color: rgba(0, 0, 0, 0);box-shadow: px px px px none;-webkit-transition: all 700ms ease;-moz-transition: all 700ms ease;-ms-transition: all 700ms ease;-o-transition: all 700ms ease;transition: all 700ms ease;\"  data-hover_box_shadow=\"none\"    >[vc_empty_space height=&#8221;300px&#8221;][vc_custom_heading text=&#8221;Radiodiagnostica&#8221; font_container=&#8221;tag:h2|font_size:25|text_align:left|color:%2300b894&#8243; google_fonts=&#8221;font_family:Montserrat%3Aregular%2C700|font_style:700%20bold%20regular%3A700%3Anormal&#8221; css=&#8221;.vc_custom_1615194292908{padding-top: 20px !important;padding-left: 20px !important;}&#8221; link=&#8221;url:https%3A%2F%2Fmarubidentalcenter.com%2Findex.php%2Fradiodiagnostica%2F%3Flang%3Dit|title:Radiodiagnostica||&#8221;][vc_custom_heading text=&#8221;N\u00eb ambientet e klinik\u00ebs son\u00eb mund t\u00eb kryhen ekzaminime radiologjike si: Grafi<br \/>\nPanoramike (e t\u00eb gjith\u00eb goj\u00ebs), cefalometrike si dhe grafi intraorale &#8230;&#8221; font_container=&#8221;tag:p|text_align:left|color:%23333333&#8243; google_fonts=&#8221;font_family:Montserrat%3Aregular%2C700|font_style:400%20regular%3A400%3Anormal&#8221; css=&#8221;.vc_custom_1598613294641{padding-left: 20px !important;}&#8221; link=&#8221;url:https%3A%2F%2Fmarubidentalcenter.com%2Findex.php%2Fpunime-qeramike-integrale%2F|title:Punime%20Qeramike%20Integrale||&#8221;][vc_empty_space height=&#8221;20px&#8221;][vc_custom_heading text=&#8221;Leggi di pi\u00f9&#8221; font_container=&#8221;tag:p|text_align:left|color:%2300b894&#8243; google_fonts=&#8221;font_family:Montserrat%3Aregular%2C700|font_style:700%20bold%20regular%3A700%3Anormal&#8221; css=&#8221;.vc_custom_1615194300154{padding-left: 20px !important;}&#8221; link=&#8221;url:https%3A%2F%2Fmarubidentalcenter.com%2Findex.php%2Fradiodiagnostica%2F%3Flang%3Dit|title:Radiodiagnostica||&#8221;][vc_empty_space height=&#8221;5px&#8221;]\t\t<\/div><\/div><\/div><\/div><\/div>\t\t\t<script type=\"text\/javascript\">\n\t\t\t\tjQuery(document).ready(function ($) {\n\t\t\t\t\tif( typeof jQuery('.ult-carousel-371333043469f56da11a183').slick == \"function\"){\n\t\t\t\t\t\t$('.ult-carousel-371333043469f56da11a183').slick({dots: false,autoplay: true,autoplaySpeed: \"2000\",speed: \"2000\",infinite: true,arrows: true,nextArrow: '<button type=\"button\" role=\"button\" aria-label=\"Next\" style=\"color:#333333; font-size:20px;\" class=\"slick-next default\"><i class=\"ultsl-arrow-right6\"><\/i><\/button>',prevArrow: '<button type=\"button\" role=\"button\" aria-label=\"Previous\" style=\"color:#333333; font-size:20px;\" class=\"slick-prev default\"><i class=\"ultsl-arrow-left6\"><\/i><\/button>',slidesToScroll:3,slidesToShow:3,swipe: true,draggable: true,touchMove: true,pauseOnHover: true,pauseOnFocus: false,responsive: [\n\t\t\t\t\t\t\t{\n\t\t\t\t\t\t\t  breakpoint: 1026,\n\t\t\t\t\t\t\t  settings: {\n\t\t\t\t\t\t\t\tslidesToShow: 3,\n\t\t\t\t\t\t\t\tslidesToScroll: 3,  \n\t\t\t\t\t\t\t  }\n\t\t\t\t\t\t\t},\n\t\t\t\t\t\t\t{\n\t\t\t\t\t\t\t  breakpoint: 1025,\n\t\t\t\t\t\t\t  settings: {\n\t\t\t\t\t\t\t\tslidesToShow: 1,\n\t\t\t\t\t\t\t\tslidesToScroll: 1\n\t\t\t\t\t\t\t  }\n\t\t\t\t\t\t\t},\n\t\t\t\t\t\t\t{\n\t\t\t\t\t\t\t  breakpoint: 760,\n\t\t\t\t\t\t\t  settings: {\n\t\t\t\t\t\t\t\tslidesToShow: 1,\n\t\t\t\t\t\t\t\tslidesToScroll: 1\n\t\t\t\t\t\t\t  }\n\t\t\t\t\t\t\t}\n\t\t\t\t\t\t],pauseOnDotsHover: true,customPaging: function(slider, i) {\n                   return '<i type=\"button\" style= \"color:#333333;\" class=\"ultsl-record\" data-role=\"none\"><\/i>';\n                },});\n\t\t\t\t\t}\n\t\t\t\t});\n\t\t\t<\/script>\n\t\t\t[\/vc_column][\/vc_row][vc_row bg_type=&#8221;image&#8221; parallax_style=&#8221;vcpb-default&#8221; bg_image_new=&#8221;id^553|url^https:\/\/marubidentalcenter.com\/wp-content\/uploads\/2020\/10\/bg.png|caption^null|alt^null|title^bg|description^null&#8221; bg_img_attach=&#8221;fixed&#8221; bg_override=&#8221;ex-full&#8221; css=&#8221;.vc_custom_1601989013682{padding-top: 50px !important;padding-bottom: 50px !important;}&#8221;][vc_column][vc_single_image image=&#8221;550&#8243; img_size=&#8221;full&#8221; alignment=&#8221;center&#8221;][vc_row_inner css=&#8221;.vc_custom_1602773950323{margin-left: 50px !important;}&#8221;][vc_column_inner width=&#8221;1\/4&#8243;][vc_column_text]<\/p>\n<h4><span style=\"color: #ffffff;\">Invisalign\u00ae<\/span><\/h4>\n<div class=\"text-box\">\n<p><span style=\"color: #ffffff;\">Invisalign e il metodo piu moderno di alineamento dentale senza essere notati usando gli alineatori trasparenti<\/span><\/p>\n<\/div>\n<p>[\/vc_column_text][\/vc_column_inner][vc_column_inner width=&#8221;1\/4&#8243;][vc_column_text]<\/p>\n<h4><span style=\"color: #ffffff;\">Terapia laser<\/span><\/h4>\n<div class=\"text-box\">\n<p><span style=\"color: #ffffff;\">il trattamento cotemporaneo dei problemi e patologie delle gengive e dei altri tessuti molli della bocca e anche dello sbiancamento professionale<\/span><\/p>\n<\/div>\n<p>[\/vc_column_text][\/vc_column_inner][vc_column_inner width=&#8221;1\/4&#8243;][vc_column_text]<\/p>\n<h4><span style=\"color: #ffffff;\">Endodontic microscopes<\/span><\/h4>\n<div class=\"text-box\">\n<p><span style=\"color: #ffffff;\">l trattamento conservativo endodontico protesico con microscopio dentale per avere risultai ottimali<\/span><\/p>\n<\/div>\n<p>[\/vc_column_text][\/vc_column_inner][vc_column_inner width=&#8221;1\/4&#8243;][vc_column_text]<\/p>\n<h4><span style=\"color: #ffffff;\">VITA Easyshade\u00ae<\/span><\/h4>\n<div class=\"text-box\">\n<p><span style=\"color: #ffffff;\">Atrezzo per scegliere con esatezza il colore dei lavori su denti per avere risultati correti esteticamente<\/span><\/p>\n<\/div>\n<p>[\/vc_column_text][\/vc_column_inner][\/vc_row_inner][\/vc_column][\/vc_row][vc_row css=&#8221;.vc_custom_1601991063771{padding-top: 50px !important;padding-bottom: 50px !important;}&#8221;][vc_column width=&#8221;1\/2&#8243;][vc_single_image image=&#8221;400&#8243; img_size=&#8221;full&#8221;][\/vc_column][vc_column width=&#8221;1\/2&#8243;][vc_empty_space height=&#8221;40px&#8221;][vc_custom_heading text=&#8221;Il Turismo Dentale&#8221; font_container=&#8221;tag:h2|font_size:25|text_align:left|color:%23f58345&#8243; google_fonts=&#8221;font_family:Montserrat%3Aregular%2C700|font_style:700%20bold%20regular%3A700%3Anormal&#8221; link=&#8221;|||&#8221;][vc_column_text]Ultimamente il nostro\u00a0 ambulatorio e stato -compreso &#8211; nel turismo dentale offrendo ai pazienti da tutta europa servizio di alto standard con prezzi -competitivi in confronto co quelli del\u00a0 mercato europeo<\/p>\n<p>Ai pazienti interessati per essere trattati nel nostro ambulatorio li offriamo un preventivo reale in base ad una radiografia panoramica e anche la organizzazione del\u00a0 viaggio e allogio in Albania[\/vc_column_text][vc_btn title=&#8221;Leggi di pi\u00f9&#8221; style=&#8221;outline-custom&#8221; outline_custom_color=&#8221;#f58345&#8243; outline_custom_hover_background=&#8221;#f58345&#8243; outline_custom_hover_text=&#8221;#ffffff&#8221; align=&#8221;left&#8221; link=&#8221;url:https%3A%2F%2Fmarubidentalcenter.com%2Findex.php%2Fturismo-dentale%2F%3Flang%3Dit|title:TURISMO%20DENTALE||&#8221;][\/vc_column][\/vc_row]<\/p>\n<\/div>","protected":false},"excerpt":{"rendered":"<p>[vc_row][vc_column][vc_empty_space height=&#8221;62px&#8221;][\/vc_column][\/vc_row][vc_row][vc_column][\/vc_column][\/vc_row][vc_row bg_type=&#8221;image&#8221; parallax_style=&#8221;vcpb-default&#8221; bg_image_new=&#8221;id^553|url^https:\/\/marubidentalcenter.com\/wp-content\/uploads\/2020\/10\/bg.png|caption^null|alt^null|title^bg|description^null&#8221; bg_img_attach=&#8221;fixed&#8221; bg_override=&#8221;ex-full&#8221; css=&#8221;.vc_custom_1601989013682{padding-top: 50px !important;padding-bottom: 50px !important;}&#8221;][vc_column][vc_single_image image=&#8221;550&#8243; img_size=&#8221;full&#8221; alignment=&#8221;center&#8221;][vc_row_inner css=&#8221;.vc_custom_1602773950323{margin-left: 50px !important;}&#8221;][vc_column_inner width=&#8221;1\/4&#8243;][vc_column_text] Invisalign\u00ae Invisalign e il metodo piu moderno di alineamento dentale senza essere notati usando gli alineatori trasparenti [\/vc_column_text][\/vc_column_inner][vc_column_inner width=&#8221;1\/4&#8243;][vc_column_text] Terapia laser il trattamento cotemporaneo dei problemi e patologie delle gengive e dei altri tessuti molli della&hellip;<\/p>\n","protected":false},"author":1,"featured_media":0,"parent":0,"menu_order":0,"comment_status":"closed","ping_status":"closed","template":"","meta":{"footnotes":""},"class_list":["post-567","page","type-page","status-publish","hentry","description-off"],"_links":{"self":[{"href":"https:\/\/marubidentalcenter.com\/index.php\/wp-json\/wp\/v2\/pages\/567","targetHints":{"allow":["GET"]}}],"collection":[{"href":"https:\/\/marubidentalcenter.com\/index.php\/wp-json\/wp\/v2\/pages"}],"about":[{"href":"https:\/\/marubidentalcenter.com\/index.php\/wp-json\/wp\/v2\/types\/page"}],"author":[{"embeddable":true,"href":"https:\/\/marubidentalcenter.com\/index.php\/wp-json\/wp\/v2\/users\/1"}],"replies":[{"embeddable":true,"href":"https:\/\/marubidentalcenter.com\/index.php\/wp-json\/wp\/v2\/comments?post=567"}],"version-history":[{"count":5,"href":"https:\/\/marubidentalcenter.com\/index.php\/wp-json\/wp\/v2\/pages\/567\/revisions"}],"predecessor-version":[{"id":613,"href":"https:\/\/marubidentalcenter.com\/index.php\/wp-json\/wp\/v2\/pages\/567\/revisions\/613"}],"wp:attachment":[{"href":"https:\/\/marubidentalcenter.com\/index.php\/wp-json\/wp\/v2\/media?parent=567"}],"curies":[{"name":"wp","href":"https:\/\/api.w.org\/{rel}","templated":true}]}}