{"id":24,"date":"2019-10-23T14:19:41","date_gmt":"2019-10-23T14:19:41","guid":{"rendered":"https:\/\/marubidentalcenter.com\/?page_id=24"},"modified":"2020-10-15T15:00:25","modified_gmt":"2020-10-15T15:00:25","slug":"home","status":"publish","type":"page","link":"https:\/\/marubidentalcenter.com\/","title":{"rendered":"HOME"},"content":{"rendered":"<div class=\"wpb-content-wrapper\"><p>[vc_row][vc_column][vc_empty_space height=&#8221;62px&#8221;][\/vc_column][\/vc_row][vc_row][vc_column]<div id=\"ult-carousel-213944039269fb2b1bd6f2a\" class=\"ult-carousel-wrapper   ult_horizontal\" data-gutter=\"15\" data-rtl=\"false\" ><div class=\"ult-carousel-80529227069fb2b1bd6e38 \" ><div class=\"ult-item-wrap\" data-animation=\"animated no-animation\"><div class=\"ult-content-box-container kuti\" >\t\t<div class=\"ult-content-box\" style=\"background-image:url(&#039;https:\/\/marubidentalcenter.com\/wp-content\/uploads\/2019\/10\/2-1.jpg&#039;);background-size: cover;background-repeat: repeat;background-position: center center;background-color: rgba(0, 0, 0, 0);box-shadow: px px px px none;-webkit-transition: all 700ms ease;-moz-transition: all 700ms ease;-ms-transition: all 700ms ease;-o-transition: all 700ms ease;transition: all 700ms ease;\"  data-hover_box_shadow=\"none\"    >[vc_empty_space height=&#8221;300px&#8221;][vc_custom_heading text=&#8221;Stomatologjia e p\u00ebrgjithshme&#8221; font_container=&#8221;tag:h2|font_size:25|text_align:left|color:%230984e3&#8243; google_fonts=&#8221;font_family:Montserrat%3Aregular%2C700|font_style:700%20bold%20regular%3A700%3Anormal&#8221; css=&#8221;.vc_custom_1598618306654{padding-top: 20px !important;padding-left: 20px !important;}&#8221; link=&#8221;url:https%3A%2F%2Fmarubidentalcenter.com%2Findex.php%2Fstomatologjia-e-pergjithshme%2F|||&#8221;][vc_custom_heading text=&#8221;Ofrojm\u00eb trajtime t\u00eb s\u00ebmundjeve t\u00eb mishit t\u00eb dh\u00ebmb\u00ebve si dhe trajtime t\u00eb nevojshme<br \/>\nt\u00eb kanaleve t\u00eb rr\u00ebnj\u00ebs s\u00eb dh\u00ebmbit &#8230;&#8221; font_container=&#8221;tag:p|text_align:left|color:%23333333&#8243; google_fonts=&#8221;font_family:Montserrat%3Aregular%2C700|font_style:400%20regular%3A400%3Anormal&#8221; css=&#8221;.vc_custom_1598612548481{padding-left: 20px !important;}&#8221;][vc_empty_space height=&#8221;20px&#8221;][vc_custom_heading text=&#8221;M\u00ebso m\u00eb shum\u00eb&#8221; font_container=&#8221;tag:p|text_align:left|color:%230984e3&#8243; google_fonts=&#8221;font_family:Montserrat%3Aregular%2C700|font_style:700%20bold%20regular%3A700%3Anormal&#8221; css=&#8221;.vc_custom_1598618252045{padding-left: 20px !important;}&#8221; link=&#8221;url:https%3A%2F%2Fmarubidentalcenter.com%2Findex.php%2Fstomatologjia-e-pergjithshme%2F|||&#8221;][vc_empty_space height=&#8221;5px&#8221;]\t\t<\/div><\/div><\/div><div class=\"ult-item-wrap\" data-animation=\"animated no-animation\"><div class=\"ult-content-box-container kuti\" >\t\t<div class=\"ult-content-box\" style=\"background-image:url(&#039;https:\/\/marubidentalcenter.com\/wp-content\/uploads\/2019\/10\/3-1.jpg&#039;);background-size: cover;background-repeat: repeat;background-position: center center;background-color: rgba(0, 0, 0, 0);box-shadow: px px px px none;-webkit-transition: all 700ms ease;-moz-transition: all 700ms ease;-ms-transition: all 700ms ease;-o-transition: all 700ms ease;transition: all 700ms ease;\"  data-hover_box_shadow=\"none\"    >[vc_empty_space height=&#8221;300px&#8221;][vc_custom_heading text=&#8221;Ortodonci&#8221; font_container=&#8221;tag:h2|font_size:25|text_align:left|color:%2300b894&#8243; google_fonts=&#8221;font_family:Montserrat%3Aregular%2C700|font_style:700%20bold%20regular%3A700%3Anormal&#8221; css=&#8221;.vc_custom_1598618295477{padding-top: 20px !important;padding-left: 20px !important;}&#8221; link=&#8221;url:https%3A%2F%2Fmarubidentalcenter.com%2Findex.php%2Fortodonci%2F|||&#8221;][vc_custom_heading text=&#8221;Aparate ortodontike te l\u00ebvizsshme dhe fikse. Kjo disiplin\u00eb e stomatologjis\u00eb synon korrigjimin e problemve t\u00eb rreshtimit t\u00eb dh\u00ebmb\u00ebve dhe t\u00eb kafshimit t\u00eb pacientit &#8230;&#8221; font_container=&#8221;tag:p|text_align:left|color:%23333333&#8243; google_fonts=&#8221;font_family:Montserrat%3Aregular%2C700|font_style:400%20regular%3A400%3Anormal&#8221; css=&#8221;.vc_custom_1598613479184{padding-left: 20px !important;}&#8221;][vc_empty_space height=&#8221;30px&#8221;][vc_custom_heading text=&#8221;M\u00ebso m\u00eb shum\u00eb&#8221; font_container=&#8221;tag:p|text_align:left|color:%2300b894&#8243; google_fonts=&#8221;font_family:Montserrat%3Aregular%2C700|font_style:700%20bold%20regular%3A700%3Anormal&#8221; css=&#8221;.vc_custom_1598618317208{padding-left: 20px !important;}&#8221; link=&#8221;url:https%3A%2F%2Fmarubidentalcenter.com%2Findex.php%2Fortodonci%2F|||&#8221;][vc_empty_space height=&#8221;5px&#8221;]\t\t<\/div><\/div><\/div><div class=\"ult-item-wrap\" data-animation=\"animated no-animation\"><div class=\"ult-content-box-container kuti\" >\t\t<div class=\"ult-content-box\" style=\"background-image:url(&#039;https:\/\/marubidentalcenter.com\/wp-content\/uploads\/2020\/08\/lazeri.png&#039;);background-size: cover;background-repeat: repeat;background-position: center center;background-color: rgba(0, 0, 0, 0);box-shadow: px px px px none;-webkit-transition: all 700ms ease;-moz-transition: all 700ms ease;-ms-transition: all 700ms ease;-o-transition: all 700ms ease;transition: all 700ms ease;\"  data-hover_box_shadow=\"none\"    >[vc_empty_space height=&#8221;300px&#8221;][vc_custom_heading text=&#8221;Trajtim me lazer&#8221; font_container=&#8221;tag:h2|font_size:25|text_align:left|color:%23fdcb6e&#8221; google_fonts=&#8221;font_family:Montserrat%3Aregular%2C700|font_style:700%20bold%20regular%3A700%3Anormal&#8221; css=&#8221;.vc_custom_1598618332366{padding-top: 20px !important;padding-left: 20px !important;}&#8221; link=&#8221;url:https%3A%2F%2Fmarubidentalcenter.com%2Findex.php%2Ftrajtim-me-lazer%2F|||&#8221;][vc_custom_heading text=&#8221;Ofrojm\u00eb p\u00ebrdorimin e lazerit p\u00ebr shum\u00eb procedura n\u00eb goj\u00eb e dh\u00ebmb\u00eb si : zbardhimi, trajtim i afteve, trajtim perikoroniti n\u00eb dh\u00ebmb\u00ebt e pjekuris\u00eb &#8230;&#8221; font_container=&#8221;tag:p|text_align:left|color:%23333333&#8243; google_fonts=&#8221;font_family:Montserrat%3Aregular%2C700|font_style:400%20regular%3A400%3Anormal&#8221; css=&#8221;.vc_custom_1598613768408{padding-left: 20px !important;}&#8221;][vc_empty_space height=&#8221;20px&#8221;][vc_custom_heading text=&#8221;M\u00ebso m\u00eb shum\u00eb&#8221; font_container=&#8221;tag:p|text_align:left|color:%23fdcb6e&#8221; google_fonts=&#8221;font_family:Montserrat%3Aregular%2C700|font_style:700%20bold%20regular%3A700%3Anormal&#8221; css=&#8221;.vc_custom_1598618282017{padding-left: 20px !important;}&#8221; link=&#8221;url:https%3A%2F%2Fmarubidentalcenter.com%2Findex.php%2Ftrajtim-me-lazer%2F|||&#8221;][vc_empty_space height=&#8221;5px&#8221;]\t\t<\/div><\/div><\/div><div class=\"ult-item-wrap\" data-animation=\"animated no-animation\"><div class=\"ult-content-box-container kuti\" >\t\t<div class=\"ult-content-box\" style=\"background-image:url(&#039;https:\/\/marubidentalcenter.com\/wp-content\/uploads\/2019\/10\/2-1.jpg&#039;);background-size: cover;background-repeat: repeat;background-position: center center;background-color: rgba(0, 0, 0, 0);box-shadow: px px px px none;-webkit-transition: all 700ms ease;-moz-transition: all 700ms ease;-ms-transition: all 700ms ease;-o-transition: all 700ms ease;transition: all 700ms ease;\"  data-hover_box_shadow=\"none\"    >[vc_empty_space height=&#8221;300px&#8221;][vc_custom_heading text=&#8221;Stomatologjia estetike&#8221; font_container=&#8221;tag:h2|font_size:25|text_align:left|color:%230984e3&#8243; google_fonts=&#8221;font_family:Montserrat%3Aregular%2C700|font_style:700%20bold%20regular%3A700%3Anormal&#8221; css=&#8221;.vc_custom_1598618348082{padding-top: 20px !important;padding-left: 20px !important;}&#8221; link=&#8221;url:https%3A%2F%2Fmarubidentalcenter.com%2Findex.php%2Fstomatologjia-estetike%2F|||&#8221;][vc_custom_heading text=&#8221;Ofrojm\u00eb pastrime profesionale t\u00eb dh\u00ebmb\u00ebve, zbardhime profesionale t\u00eb tyre, faseta emax, kurora Zirkoni \/ Prettau \/ E-Max si dhe Mbushje estetike kompoziti&#8230;&#8221; font_container=&#8221;tag:p|text_align:left|color:%23333333&#8243; google_fonts=&#8221;font_family:Montserrat%3Aregular%2C700|font_style:400%20regular%3A400%3Anormal&#8221; css=&#8221;.vc_custom_1598612539039{padding-left: 20px !important;}&#8221;][vc_empty_space height=&#8221;20px&#8221;][vc_custom_heading text=&#8221;M\u00ebso m\u00eb shum\u00eb&#8221; font_container=&#8221;tag:p|text_align:left|color:%230984e3&#8243; google_fonts=&#8221;font_family:Montserrat%3Aregular%2C700|font_style:700%20bold%20regular%3A700%3Anormal&#8221; css=&#8221;.vc_custom_1598618361993{padding-left: 20px !important;}&#8221; link=&#8221;url:https%3A%2F%2Fmarubidentalcenter.com%2Findex.php%2Fstomatologjia-estetike%2F|||&#8221;][vc_empty_space height=&#8221;5px&#8221;]\t\t<\/div><\/div><\/div><div class=\"ult-item-wrap\" data-animation=\"animated no-animation\"><div class=\"ult-content-box-container kuti\" >\t\t<div class=\"ult-content-box\" style=\"background-image:url(&#039;https:\/\/marubidentalcenter.com\/wp-content\/uploads\/2019\/10\/1-1.jpg&#039;);background-size: cover;background-repeat: repeat;background-position: center center;background-color: rgba(0, 0, 0, 0);box-shadow: px px px px none;-webkit-transition: all 700ms ease;-moz-transition: all 700ms ease;-ms-transition: all 700ms ease;-o-transition: all 700ms ease;transition: all 700ms ease;\"  data-hover_box_shadow=\"none\"    >[vc_empty_space height=&#8221;300px&#8221;][vc_custom_heading text=&#8221;Kirurgjia orale&#8221; font_container=&#8221;tag:h2|font_size:25|text_align:left|color:%23fdcb6e&#8221; google_fonts=&#8221;font_family:Montserrat%3Aregular%2C700|font_style:700%20bold%20regular%3A700%3Anormal&#8221; css=&#8221;.vc_custom_1598618429152{padding-top: 20px !important;padding-left: 20px !important;}&#8221; link=&#8221;url:https%3A%2F%2Fmarubidentalcenter.com%2Findex.php%2Fimplantologjia-e-avancuar%2F|||&#8221;][vc_custom_heading text=&#8221;Ofrojm\u00eb kirurgji dentale p\u00ebr heqjen e dh\u00ebmball\u00ebve t\u00eb pjekuris\u00eb, rezeksion apikal, kirurgji parodontale-trajtim me lazer si dhe trajtimi i Abceseve dhe kistave.&#8221; font_container=&#8221;tag:p|text_align:left|color:%23333333&#8243; google_fonts=&#8221;font_family:Montserrat%3Aregular%2C700|font_style:400%20regular%3A400%3Anormal&#8221; css=&#8221;.vc_custom_1598613006786{padding-left: 20px !important;}&#8221;][vc_empty_space height=&#8221;20px&#8221;][vc_custom_heading text=&#8221;M\u00ebso m\u00eb shum\u00eb&#8221; font_container=&#8221;tag:p|text_align:left|color:%23fdcb6e&#8221; google_fonts=&#8221;font_family:Montserrat%3Aregular%2C700|font_style:700%20bold%20regular%3A700%3Anormal&#8221; css=&#8221;.vc_custom_1598618410833{padding-left: 20px !important;}&#8221; link=&#8221;url:https%3A%2F%2Fmarubidentalcenter.com%2Findex.php%2Fimplantologjia-e-avancuar%2F|title:IMPLANTOLOGJIA%20e%20AVANCUAR||&#8221;][vc_empty_space height=&#8221;5px&#8221;]\t\t<\/div><\/div><\/div><div class=\"ult-item-wrap\" data-animation=\"animated no-animation\"><div class=\"ult-content-box-container kuti\" >\t\t<div class=\"ult-content-box\" style=\"background-image:url(&#039;https:\/\/marubidentalcenter.com\/wp-content\/uploads\/2020\/08\/radiologjik.png&#039;);background-size: cover;background-repeat: repeat;background-position: center center;background-color: rgba(0, 0, 0, 0);box-shadow: px px px px none;-webkit-transition: all 700ms ease;-moz-transition: all 700ms ease;-ms-transition: all 700ms ease;-o-transition: all 700ms ease;transition: all 700ms ease;\"  data-hover_box_shadow=\"none\"    >[vc_empty_space height=&#8221;300px&#8221;][vc_custom_heading text=&#8221;Diagnostikim Radiologjik&#8221; font_container=&#8221;tag:h2|font_size:25|text_align:left|color:%2300b894&#8243; google_fonts=&#8221;font_family:Montserrat%3Aregular%2C700|font_style:700%20bold%20regular%3A700%3Anormal&#8221; css=&#8221;.vc_custom_1598618440808{padding-top: 20px !important;padding-left: 20px !important;}&#8221; link=&#8221;url:https%3A%2F%2Fmarubidentalcenter.com%2Findex.php%2Fdiagnostikim-radiologjik%2F|||&#8221;][vc_custom_heading text=&#8221;N\u00eb ambientet e klinik\u00ebs son\u00eb mund t\u00eb kryhen ekzaminime radiologjike si: Grafi<br \/>\nPanoramike (e t\u00eb gjith\u00eb goj\u00ebs), cefalometrike si dhe grafi intraorale &#8230;&#8221; font_container=&#8221;tag:p|text_align:left|color:%23333333&#8243; google_fonts=&#8221;font_family:Montserrat%3Aregular%2C700|font_style:400%20regular%3A400%3Anormal&#8221; css=&#8221;.vc_custom_1598613294641{padding-left: 20px !important;}&#8221; link=&#8221;url:https%3A%2F%2Fmarubidentalcenter.com%2Findex.php%2Fpunime-qeramike-integrale%2F|title:Punime%20Qeramike%20Integrale||&#8221;][vc_empty_space height=&#8221;20px&#8221;][vc_custom_heading text=&#8221;M\u00ebso m\u00eb shum\u00eb&#8221; font_container=&#8221;tag:p|text_align:left|color:%2300b894&#8243; google_fonts=&#8221;font_family:Montserrat%3Aregular%2C700|font_style:700%20bold%20regular%3A700%3Anormal&#8221; css=&#8221;.vc_custom_1598618456200{padding-left: 20px !important;}&#8221; link=&#8221;url:https%3A%2F%2Fmarubidentalcenter.com%2Findex.php%2Fdiagnostikim-radiologjik%2F|||&#8221;][vc_empty_space height=&#8221;5px&#8221;]\t\t<\/div><\/div><\/div><\/div><\/div>\t\t\t<script type=\"text\/javascript\">\n\t\t\t\tjQuery(document).ready(function ($) {\n\t\t\t\t\tif( typeof jQuery('.ult-carousel-80529227069fb2b1bd6e38').slick == \"function\"){\n\t\t\t\t\t\t$('.ult-carousel-80529227069fb2b1bd6e38').slick({dots: false,autoplay: true,autoplaySpeed: \"2000\",speed: \"2000\",infinite: true,arrows: true,nextArrow: '<button type=\"button\" role=\"button\" aria-label=\"Next\" style=\"color:#333333; font-size:20px;\" class=\"slick-next default\"><i class=\"ultsl-arrow-right6\"><\/i><\/button>',prevArrow: '<button type=\"button\" role=\"button\" aria-label=\"Previous\" style=\"color:#333333; font-size:20px;\" class=\"slick-prev default\"><i class=\"ultsl-arrow-left6\"><\/i><\/button>',slidesToScroll:3,slidesToShow:3,swipe: true,draggable: true,touchMove: true,pauseOnHover: true,pauseOnFocus: false,responsive: [\n\t\t\t\t\t\t\t{\n\t\t\t\t\t\t\t  breakpoint: 1026,\n\t\t\t\t\t\t\t  settings: {\n\t\t\t\t\t\t\t\tslidesToShow: 3,\n\t\t\t\t\t\t\t\tslidesToScroll: 3,  \n\t\t\t\t\t\t\t  }\n\t\t\t\t\t\t\t},\n\t\t\t\t\t\t\t{\n\t\t\t\t\t\t\t  breakpoint: 1025,\n\t\t\t\t\t\t\t  settings: {\n\t\t\t\t\t\t\t\tslidesToShow: 1,\n\t\t\t\t\t\t\t\tslidesToScroll: 1\n\t\t\t\t\t\t\t  }\n\t\t\t\t\t\t\t},\n\t\t\t\t\t\t\t{\n\t\t\t\t\t\t\t  breakpoint: 760,\n\t\t\t\t\t\t\t  settings: {\n\t\t\t\t\t\t\t\tslidesToShow: 1,\n\t\t\t\t\t\t\t\tslidesToScroll: 1\n\t\t\t\t\t\t\t  }\n\t\t\t\t\t\t\t}\n\t\t\t\t\t\t],pauseOnDotsHover: true,customPaging: function(slider, i) {\n                   return '<i type=\"button\" style= \"color:#333333;\" class=\"ultsl-record\" data-role=\"none\"><\/i>';\n                },});\n\t\t\t\t\t}\n\t\t\t\t});\n\t\t\t<\/script>\n\t\t\t[\/vc_column][\/vc_row][vc_row bg_type=&#8221;image&#8221; parallax_style=&#8221;vcpb-default&#8221; bg_image_new=&#8221;id^553|url^https:\/\/marubidentalcenter.com\/wp-content\/uploads\/2020\/10\/bg.png|caption^null|alt^null|title^bg|description^null&#8221; bg_img_attach=&#8221;fixed&#8221; bg_override=&#8221;ex-full&#8221; css=&#8221;.vc_custom_1601989013682{padding-top: 50px !important;padding-bottom: 50px !important;}&#8221;][vc_column][vc_single_image image=&#8221;550&#8243; img_size=&#8221;full&#8221; alignment=&#8221;center&#8221;][vc_row_inner css=&#8221;.vc_custom_1602773950323{margin-left: 50px !important;}&#8221;][vc_column_inner width=&#8221;1\/4&#8243;][vc_column_text]<\/p>\n<h4><span style=\"color: #ffffff;\">Invisalign\u00ae<\/span><\/h4>\n<div class=\"text-box\">\n<p><span style=\"color: #ffffff;\">WInvisalign \u00ebsht\u00eb metoda m\u00eb bashkohore e drejtimit t\u00eb dh\u00ebmb\u00ebve pa r\u00ebn\u00eb n\u00eb sy, n\u00ebp\u00ebrmjet alineatoreve transparent.<\/span><\/p>\n<\/div>\n<p>[\/vc_column_text][\/vc_column_inner][vc_column_inner width=&#8221;1\/4&#8243;][vc_column_text]<\/p>\n<h4><span style=\"color: #ffffff;\">Laser Therapy<\/span><\/h4>\n<div class=\"text-box\">\n<p><span style=\"color: #ffffff;\">Trajtimi bashkohor i problemeve t\u00eb mishit t\u00eb dh\u00ebmbeve me lazer si dhe zbardhimit professional.<\/span><\/p>\n<\/div>\n<p>[\/vc_column_text][\/vc_column_inner][vc_column_inner width=&#8221;1\/4&#8243;][vc_column_text]<\/p>\n<h4><span style=\"color: #ffffff;\">Endodontic Microscopes<\/span><\/h4>\n<div class=\"text-box\">\n<p><span style=\"color: #ffffff;\">Punimi i mbushjeve, urave kanalare me Mikroskop Dentar Zeiss per arritjen e rezultateve optimale.<\/span><\/p>\n<\/div>\n<p>[\/vc_column_text][\/vc_column_inner][vc_column_inner width=&#8221;1\/4&#8243;][vc_column_text]<\/p>\n<h4><span style=\"color: #ffffff;\">VITA Easyshade\u00ae<\/span><\/h4>\n<div class=\"text-box\">\n<p><span style=\"color: #ffffff;\">Pajisja p\u00ebr p\u00ebrcaktimin e ngjyres ekzakte t\u00eb dh\u00ebmbeve p\u00ebr nj\u00eb rezultat estetikisht korrekt<\/span><\/p>\n<\/div>\n<p>[\/vc_column_text][\/vc_column_inner][\/vc_row_inner][\/vc_column][\/vc_row][vc_row css=&#8221;.vc_custom_1601991063771{padding-top: 50px !important;padding-bottom: 50px !important;}&#8221;][vc_column width=&#8221;1\/2&#8243;][vc_single_image image=&#8221;400&#8243; img_size=&#8221;full&#8221;][\/vc_column][vc_column width=&#8221;1\/2&#8243;][vc_empty_space height=&#8221;40px&#8221;][vc_custom_heading text=&#8221;Turizmi Dentar&#8221; font_container=&#8221;tag:h2|font_size:25|text_align:left|color:%23f58345&#8243; google_fonts=&#8221;font_family:Montserrat%3Aregular%2C700|font_style:700%20bold%20regular%3A700%3Anormal&#8221; link=&#8221;|||&#8221;][vc_column_text]Klinika jon\u00eb s\u00eb fundi \u00ebsht\u00eb p\u00ebrfshir\u00eb n\u00eb Turizmin Dentar, duke i ofruar k\u00ebshtu pacient\u00ebve nga e gjith\u00eb Europa sh\u00ebrbime t\u00eb nj\u00eb standarti t\u00eb lart\u00eb\u00a0por me \u00e7mime konkuruese krahasuar me ato t\u00eb tregut europian.<\/p>\n<p>Pacient\u00ebve t\u00eb interesuar p\u00ebr tu trajtuar n\u00eb Klinik\u00ebn ton\u00eb, ne i mund\u00ebsojm\u00eb nj\u00eb preventiv real n\u00eb baz\u00eb t\u00eb nj\u00eb grafie Panoramike si dhe organizimin e udh\u00ebtimit t\u00eb tyre e q\u00ebndrimit n\u00eb Shqip\u00ebri.[\/vc_column_text][vc_btn title=&#8221;M\u00ebso m\u00eb shum\u00eb&#8221; style=&#8221;outline-custom&#8221; outline_custom_color=&#8221;#f58345&#8243; outline_custom_hover_background=&#8221;#f58345&#8243; outline_custom_hover_text=&#8221;#ffffff&#8221; align=&#8221;left&#8221; link=&#8221;url:https%3A%2F%2Fmarubidentalcenter.com%2Findex.php%2Fturizmi-dentar%2F|||&#8221;][\/vc_column][\/vc_row]<\/p>\n<\/div>","protected":false},"excerpt":{"rendered":"<p>[vc_row][vc_column][vc_empty_space height=&#8221;62px&#8221;][\/vc_column][\/vc_row][vc_row][vc_column][\/vc_column][\/vc_row][vc_row bg_type=&#8221;image&#8221; parallax_style=&#8221;vcpb-default&#8221; bg_image_new=&#8221;id^553|url^https:\/\/marubidentalcenter.com\/wp-content\/uploads\/2020\/10\/bg.png|caption^null|alt^null|title^bg|description^null&#8221; bg_img_attach=&#8221;fixed&#8221; bg_override=&#8221;ex-full&#8221; css=&#8221;.vc_custom_1601989013682{padding-top: 50px !important;padding-bottom: 50px !important;}&#8221;][vc_column][vc_single_image image=&#8221;550&#8243; img_size=&#8221;full&#8221; alignment=&#8221;center&#8221;][vc_row_inner css=&#8221;.vc_custom_1602773950323{margin-left: 50px !important;}&#8221;][vc_column_inner width=&#8221;1\/4&#8243;][vc_column_text] Invisalign\u00ae WInvisalign \u00ebsht\u00eb metoda m\u00eb bashkohore e drejtimit t\u00eb dh\u00ebmb\u00ebve pa r\u00ebn\u00eb n\u00eb sy, n\u00ebp\u00ebrmjet alineatoreve transparent. [\/vc_column_text][\/vc_column_inner][vc_column_inner width=&#8221;1\/4&#8243;][vc_column_text] Laser Therapy Trajtimi bashkohor i problemeve t\u00eb mishit t\u00eb dh\u00ebmbeve me lazer si dhe zbardhimit professional. [\/vc_column_text][\/vc_column_inner][vc_column_inner&hellip;<\/p>\n","protected":false},"author":1,"featured_media":0,"parent":0,"menu_order":0,"comment_status":"closed","ping_status":"closed","template":"","meta":{"footnotes":""},"class_list":["post-24","page","type-page","status-publish","hentry","description-off"],"_links":{"self":[{"href":"https:\/\/marubidentalcenter.com\/index.php\/wp-json\/wp\/v2\/pages\/24","targetHints":{"allow":["GET"]}}],"collection":[{"href":"https:\/\/marubidentalcenter.com\/index.php\/wp-json\/wp\/v2\/pages"}],"about":[{"href":"https:\/\/marubidentalcenter.com\/index.php\/wp-json\/wp\/v2\/types\/page"}],"author":[{"embeddable":true,"href":"https:\/\/marubidentalcenter.com\/index.php\/wp-json\/wp\/v2\/users\/1"}],"replies":[{"embeddable":true,"href":"https:\/\/marubidentalcenter.com\/index.php\/wp-json\/wp\/v2\/comments?post=24"}],"version-history":[{"count":25,"href":"https:\/\/marubidentalcenter.com\/index.php\/wp-json\/wp\/v2\/pages\/24\/revisions"}],"predecessor-version":[{"id":565,"href":"https:\/\/marubidentalcenter.com\/index.php\/wp-json\/wp\/v2\/pages\/24\/revisions\/565"}],"wp:attachment":[{"href":"https:\/\/marubidentalcenter.com\/index.php\/wp-json\/wp\/v2\/media?parent=24"}],"curies":[{"name":"wp","href":"https:\/\/api.w.org\/{rel}","templated":true}]}}