{"id":232,"date":"2020-08-19T10:20:39","date_gmt":"2020-08-19T10:20:39","guid":{"rendered":"https:\/\/marubidentalcenter.com\/?page_id=232"},"modified":"2020-10-12T15:16:10","modified_gmt":"2020-10-12T15:16:10","slug":"klinika-jone","status":"publish","type":"page","link":"https:\/\/marubidentalcenter.com\/index.php\/klinika-jone\/","title":{"rendered":"KLINIKA JON\u00cb"},"content":{"rendered":"<div class=\"wpb-content-wrapper\"><p>[vc_row][vc_column][vc_empty_space height=&#8221;62px&#8221;][\/vc_column][\/vc_row][vc_row css=&#8221;.vc_custom_1597834035565{padding-top: 50px !important;padding-bottom: 50px !important;}&#8221;][vc_column width=&#8221;1\/2&#8243;][vc_custom_heading text=&#8221;Ambientet e klinik\u00ebs&#8221; font_container=&#8221;tag:h3|text_align:left|color:%23f58345&#8243; google_fonts=&#8221;font_family:Montserrat%3Aregular%2C700|font_style:700%20bold%20regular%3A700%3Anormal&#8221;][vc_column_text]<\/p>\n<p style=\"text-align: justify;\">Marubi Dental Center u themelua n\u00eb vitin 1996 nga Dr. Rakela &amp; Dr. Riton Marubi, pjestar\u00eb t\u00eb familjes s\u00eb njohur t\u00eb fotograf\u00ebve \u201cMarubbi\u201d. Kjo klinik\u00eb shtrihet madje n\u00eb studion e vjet\u00ebr fotografike t\u00eb dinastis\u00eb Marubbi, sot e transformuar n\u00eb nj\u00eb struktur\u00eb t\u00eb re, ultra moderne q\u00eb i p\u00ebrshtatet standarteve m\u00eb t\u00eb larta bot\u00ebrore t\u00eb stomatologjis\u00eb bashk\u00ebkohore.<\/p>\n<p style=\"text-align: justify;\">Marubi Dental Center posedon gjithsej kat\u00ebr dhoma trajtimi, dy dhoma t\u00eb dedikuara terapis\u00eb, nj\u00eb dhom\u00eb ortopedie dhe nj\u00eb sall\u00eb kirurgjie. Nj\u00eb organizim i till\u00eb mund\u00ebson realizimin e pro\u00e7edurave t\u00eb natyrave t\u00eb ndryshme n\u00eb t\u00eb nj\u00ebjt\u00ebn koh\u00eb e n\u00eb ambiente t\u00eb ndryshme, duke mund\u00ebsuar k\u00ebshtu nj\u00eb sh\u00ebrbim m\u00eb t\u00eb mir\u00eb p\u00ebr pacientin.<\/p>\n<p style=\"text-align: justify;\">Pjes\u00eb e pandar\u00eb e rrjedh\u00ebs s\u00eb pun\u00ebs n\u00eb nj\u00eb klinik\u00eb stomatologjike \u00ebsht\u00eb steriliteti. K\u00ebshtu n\u00eb klinik\u00ebn ton\u00eb i \u00ebsht\u00eb dedikuar nj\u00eb sall\u00eb e ve\u00e7ant\u00eb pro\u00e7esit t\u00eb sterilizimit. Kjo sall\u00eb \u00ebsht\u00eb e dukshme nga pacient\u00ebt t\u00eb cil\u00ebve i mund\u00ebsohet n\u00eb k\u00ebt\u00eb m\u00ebnyr\u00eb q\u00eb t\u00eb vrojtojn\u00eb nga af\u00ebr sterilizimin e instrumenteve t\u00eb pun\u00ebs.<\/p>\n<p style=\"text-align: justify;\">Nj\u00eb tjeter ambient i klinik\u00ebs i kushtohet diagnostikimeve radiologjike, ku qendron Grafia Panoramike Digitale si dhe Grafit\u00eb Intraorale.<\/p>\n<p>[\/vc_column_text][\/vc_column][vc_column width=&#8221;1\/2&#8243;][vc_empty_space height=&#8221;50px&#8221;][vc_single_image image=&#8221;417&#8243; img_size=&#8221;full&#8221; alignment=&#8221;center&#8221;][\/vc_column][\/vc_row][vc_row][vc_column][vc_custom_heading text=&#8221;Mjek\u00ebt tan\u00eb&#8221; font_container=&#8221;tag:h3|text_align:left|color:%23f58345&#8243; google_fonts=&#8221;font_family:Montserrat%3Aregular%2C700|font_style:700%20bold%20regular%3A700%3Anormal&#8221;][vc_empty_space][\/vc_column][\/vc_row][vc_row css=&#8221;.vc_custom_1601468146057{padding-bottom: 50px !important;}&#8221;][vc_column width=&#8221;1\/2&#8243;][vc_single_image image=&#8221;411&#8243; img_size=&#8221;full&#8221;]<div class=\"ult_exp_section_layer ult-adjust-bottom-margin  \" >\n\t\t<div id=\"uvc-exp-wrap-4042\" role=\"button\" tabindex=\"0\" aria-pressed=\"false\"  data-ultimate-target='#uvc-exp-wrap-4042'  data-responsive-json-new='{\"font-size\":\"desktop:20px;\",\"line-height\":\"desktop:20px;\"}'  class=\"ult_exp_section  ult-responsive \" style=\"color:#ffffff;background-color:#f58345;font-weight:bold;  text-align:center;\" data-textcolor=\"#ffffff\"data-texthover=\"#ffffff\"data-icncolor=\"#333333\"data-ihover=\"#333333\"data-height=\"0\"data-cntbg=\"#f58345\"data-cnthvrbg=\"#f58345\"data-headerbg=\"#f58345\"data-headerhover=\"#f58345\"data-title=\"Mjek Stomatolog - Implantolog MSc, Dr.Riton Marubi \"data-newtitle=\"Mjek Stomatolog - Implantolog MSc, Dr.Riton Marubi \"data-icon=\"\"data-newicon=\"\"data-activeicon=\"#333333\"data-effect=\"slideToggle\"data-override=\"0\"data-activetitle=\"#ffffff\"data-activebg=\"#f58345\"data-img=\"\"data-newimg=\"\"><div  class=\"ult_exp_section-main \">\n\t\t\t\t\t<div class=\"ult_expheader\" >Mjek Stomatolog - Implantolog MSc, Dr.Riton Marubi \n\t\t\t\t\t <\/div><\/div>\n\t\t\t\t<\/div><div class=\"ult_exp_content \" style=\"background-color:#ffffff;  \"><div class=\"ult_ecpsub_cont\" style=\" \" ><div class=\"smile-icon-timeline-wrap csstime   \"   data-time_block_bg_color=\"#f58345\" data-time_sep_color=\"#ffffff\" style=\"\"><div class=\"timeline-line \" style=\"border-right-color:#f58345;\"><span><\/span><\/div><div class=\"timeline-wrapper\"><div class=\"timeline-block \"><div class=\"timeline-dot\"><\/div><div class=\"ult-timeline-arrow\"><s><\/s><l><\/l><\/div><div class=\"timeline-icon-block\"><div class=\"ult-timeline-icon tl-icon-no-bg\" style=\"   \"><\/div> <!-- icon --><\/div><div class=\"timeline-header-block\" >\n\t\t\t\t\t\t\t<div id=\"timeline-item-3069\" class=\"timeline-header\" style=\"\"><h3 class=\"ult-timeline-title ult-responsive\"  data-ultimate-target='#timeline-item-3069 .ult-timeline-title'  data-responsive-json-new='{\"font-size\":\"\",\"line-height\":\"\"}'  style=\"color:#ffffff;\">1994- Diplomuar me Titullin \u201cMjek Stomatolog\u201d<\/h3><div class=\"ult-responsive timeline-item-spt\"  data-ultimate-target='#timeline-item-3069 .timeline-item-spt'  data-responsive-json-new='{\"font-size\":\"\",\"line-height\":\"\"}'  style=\"\"><\/div><\/div> <!-- header --><\/div><\/div><div class=\"timeline-block \"><div class=\"timeline-dot\"><\/div><div class=\"ult-timeline-arrow\"><s><\/s><l><\/l><\/div><div class=\"timeline-icon-block\"><div class=\"ult-timeline-icon tl-icon-no-bg\" style=\"   \"><\/div> <!-- icon --><\/div><div class=\"timeline-header-block\" >\n\t\t\t\t\t\t\t<div id=\"timeline-item-8475\" class=\"timeline-header\" style=\"\"><h3 class=\"ult-timeline-title ult-responsive\"  data-ultimate-target='#timeline-item-8475 .ult-timeline-title'  data-responsive-json-new='{\"font-size\":\"\",\"line-height\":\"\"}'  style=\"color:#ffffff;\">1996- Themelimi i \u201cMarubi Dental Center\u201d<\/h3><div class=\"ult-responsive timeline-item-spt\"  data-ultimate-target='#timeline-item-8475 .timeline-item-spt'  data-responsive-json-new='{\"font-size\":\"\",\"line-height\":\"\"}'  style=\"\"><\/div><\/div> <!-- header --><\/div><\/div><div class=\"timeline-block \"><div class=\"timeline-dot\"><\/div><div class=\"ult-timeline-arrow\"><s><\/s><l><\/l><\/div><div class=\"timeline-icon-block\"><div class=\"ult-timeline-icon tl-icon-no-bg\" style=\"   \"><\/div> <!-- icon --><\/div><div class=\"timeline-header-block\" >\n\t\t\t\t\t\t\t<div id=\"timeline-item-9619\" class=\"timeline-header\" style=\"\"><h3 class=\"ult-timeline-title ult-responsive\"  data-ultimate-target='#timeline-item-9619 .ult-timeline-title'  data-responsive-json-new='{\"font-size\":\"\",\"line-height\":\"\"}'  style=\"color:#ffffff;\">2011-2014- Master i Nivelit t\u00eb Dyt\u00eb (CE)\/Master Ekzekutiv (Rep. Ship\u00ebris\u00eb) n\u00eb Implantologji dhe Protez\u00eb Dentare Universiteti \u201cTor Vergata\u201d-Rom\u00eb\/ Universiteti Katolik \u201cZoja e K\u00ebshillit t\u00eb Mir\u00eb\u201d-Tiran\u00eb.<\/h3><div class=\"ult-responsive timeline-item-spt\"  data-ultimate-target='#timeline-item-9619 .timeline-item-spt'  data-responsive-json-new='{\"font-size\":\"\",\"line-height\":\"\"}'  style=\"\"><\/div><\/div> <!-- header --><\/div><\/div><div class=\"timeline-block \"><div class=\"timeline-dot\"><\/div><div class=\"ult-timeline-arrow\"><s><\/s><l><\/l><\/div><div class=\"timeline-icon-block\"><div class=\"ult-timeline-icon tl-icon-no-bg\" style=\"   \"><\/div> <!-- icon --><\/div><div class=\"timeline-header-block\" >\n\t\t\t\t\t\t\t<div id=\"timeline-item-6825\" class=\"timeline-header\" style=\"\"><h3 class=\"ult-timeline-title ult-responsive\"  data-ultimate-target='#timeline-item-6825 .ult-timeline-title'  data-responsive-json-new='{\"font-size\":\"\",\"line-height\":\"\"}'  style=\"color:#ffffff;\">2011-Kursi i Implantologjis\u00eb Monofazike dhe Bifazike, Ngarkes\u00eb Immediate, PRP, \u00df-TCP; Elektrosaldatur\u00eb Intra-Orale<\/h3><div class=\"ult-responsive timeline-item-spt\"  data-ultimate-target='#timeline-item-6825 .timeline-item-spt'  data-responsive-json-new='{\"font-size\":\"\",\"line-height\":\"\"}'  style=\"\"><\/div><\/div> <!-- header --><\/div><\/div><div class=\"timeline-block \"><div class=\"timeline-dot\"><\/div><div class=\"ult-timeline-arrow\"><s><\/s><l><\/l><\/div><div class=\"timeline-icon-block\"><div class=\"ult-timeline-icon tl-icon-no-bg\" style=\"   \"><\/div> <!-- icon --><\/div><div class=\"timeline-header-block\" >\n\t\t\t\t\t\t\t<div id=\"timeline-item-6828\" class=\"timeline-header\" style=\"\"><h3 class=\"ult-timeline-title ult-responsive\"  data-ultimate-target='#timeline-item-6828 .ult-timeline-title'  data-responsive-json-new='{\"font-size\":\"\",\"line-height\":\"\"}'  style=\"color:#ffffff;\">2015- Kurs: Zgjidhje Klinike Interdisiplinare p\u00ebr Rehabilitim Estetik dhe Funksional n\u00ebp\u00ebrmjet Implantologjis\u00eb. ~Universiteti \u201cZKM\u201d\/SH.F.SH<\/h3><div class=\"ult-responsive timeline-item-spt\"  data-ultimate-target='#timeline-item-6828 .timeline-item-spt'  data-responsive-json-new='{\"font-size\":\"\",\"line-height\":\"\"}'  style=\"\"><\/div><\/div> <!-- header --><\/div><\/div><div class=\"timeline-block \"><div class=\"timeline-dot\"><\/div><div class=\"ult-timeline-arrow\"><s><\/s><l><\/l><\/div><div class=\"timeline-icon-block\"><div class=\"ult-timeline-icon tl-icon-no-bg\" style=\"   \"><\/div> <!-- icon --><\/div><div class=\"timeline-header-block\" >\n\t\t\t\t\t\t\t<div id=\"timeline-item-7997\" class=\"timeline-header\" style=\"\"><h3 class=\"ult-timeline-title ult-responsive\"  data-ultimate-target='#timeline-item-7997 .ult-timeline-title'  data-responsive-json-new='{\"font-size\":\"\",\"line-height\":\"\"}'  style=\"color:#ffffff;\">2016- Pjesmarr\u00ebs n\u00eb kursin e Anatomis\u00eb Disektive t\u00eb Avancuar p\u00ebr Teknikat Implantare dhe Paradontologjike n\u00eb Universitetin e Budapestit (Semmel\u00ebeis Unversity~ Departament Patology Hungary Budapest);<\/h3><div class=\"ult-responsive timeline-item-spt\"  data-ultimate-target='#timeline-item-7997 .timeline-item-spt'  data-responsive-json-new='{\"font-size\":\"\",\"line-height\":\"\"}'  style=\"\"><\/div><\/div> <!-- header --><\/div><\/div><\/div><\/div><\/div><\/div>\n\n\t\t\t<\/div>[\/vc_column][vc_column width=&#8221;1\/2&#8243;][vc_single_image image=&#8221;412&#8243; img_size=&#8221;full&#8221;]<div class=\"ult_exp_section_layer ult-adjust-bottom-margin  \" >\n\t\t<div id=\"uvc-exp-wrap-7240\" role=\"button\" tabindex=\"0\" aria-pressed=\"false\"  data-ultimate-target='#uvc-exp-wrap-7240'  data-responsive-json-new='{\"font-size\":\"desktop:20px;\",\"line-height\":\"desktop:20px;\"}'  class=\"ult_exp_section  ult-responsive \" style=\"color:#ffffff;background-color:#f58345;font-weight:bold;  text-align:center;\" data-textcolor=\"#ffffff\"data-texthover=\"#ffffff\"data-icncolor=\"#333333\"data-ihover=\"#333333\"data-height=\"0\"data-cntbg=\"#f58345\"data-cnthvrbg=\"#f58345\"data-headerbg=\"#f58345\"data-headerhover=\"#f58345\"data-title=\"Mjeke stomatologe,Spec. Pedodonte- Ortodonte, Dr.Rakela Marubi\"data-newtitle=\"Mjeke stomatologe,Spec. Pedodonte- Ortodonte, Dr.Rakela Marubi\"data-icon=\"\"data-newicon=\"\"data-activeicon=\"#333333\"data-effect=\"slideToggle\"data-override=\"0\"data-activetitle=\"#ffffff\"data-activebg=\"#f58345\"data-img=\"\"data-newimg=\"\"><div  class=\"ult_exp_section-main \">\n\t\t\t\t\t<div class=\"ult_expheader\" >Mjeke stomatologe,Spec. Pedodonte- Ortodonte, Dr.Rakela Marubi\n\t\t\t\t\t <\/div><\/div>\n\t\t\t\t<\/div><div class=\"ult_exp_content \" style=\"background-color:#ffffff;  \"><div class=\"ult_ecpsub_cont\" style=\" \" ><div class=\"smile-icon-timeline-wrap csstime   \"   data-time_block_bg_color=\"#f58345\" data-time_sep_color=\"#ffffff\" style=\"\"><div class=\"timeline-line \" style=\"border-right-color:#f58345;\"><span><\/span><\/div><div class=\"timeline-wrapper\"><div class=\"timeline-block \"><div class=\"timeline-dot\"><\/div><div class=\"ult-timeline-arrow\"><s><\/s><l><\/l><\/div><div class=\"timeline-icon-block\"><div class=\"ult-timeline-icon tl-icon-no-bg\" style=\"   \"><\/div> <!-- icon --><\/div><div class=\"timeline-header-block\" >\n\t\t\t\t\t\t\t<div id=\"timeline-item-6175\" class=\"timeline-header\" style=\"\"><h3 class=\"ult-timeline-title ult-responsive\"  data-ultimate-target='#timeline-item-6175 .ult-timeline-title'  data-responsive-json-new='{\"font-size\":\"\",\"line-height\":\"\"}'  style=\"color:#ffffff;\">1994- Diplomuar me Titullin \u201cMjek Stomatolog\u201d;<\/h3><div class=\"ult-responsive timeline-item-spt\"  data-ultimate-target='#timeline-item-6175 .timeline-item-spt'  data-responsive-json-new='{\"font-size\":\"\",\"line-height\":\"\"}'  style=\"\"><\/div><\/div> <!-- header --><\/div><\/div><div class=\"timeline-block \"><div class=\"timeline-dot\"><\/div><div class=\"ult-timeline-arrow\"><s><\/s><l><\/l><\/div><div class=\"timeline-icon-block\"><div class=\"ult-timeline-icon tl-icon-no-bg\" style=\"   \"><\/div> <!-- icon --><\/div><div class=\"timeline-header-block\" >\n\t\t\t\t\t\t\t<div id=\"timeline-item-2864\" class=\"timeline-header\" style=\"\"><h3 class=\"ult-timeline-title ult-responsive\"  data-ultimate-target='#timeline-item-2864 .ult-timeline-title'  data-responsive-json-new='{\"font-size\":\"\",\"line-height\":\"\"}'  style=\"color:#ffffff;\">1996- Themelimi i \u201cMarubi Dental Center\u201d<\/h3><div class=\"ult-responsive timeline-item-spt\"  data-ultimate-target='#timeline-item-2864 .timeline-item-spt'  data-responsive-json-new='{\"font-size\":\"\",\"line-height\":\"\"}'  style=\"\"><\/div><\/div> <!-- header --><\/div><\/div><div class=\"timeline-block \"><div class=\"timeline-dot\"><\/div><div class=\"ult-timeline-arrow\"><s><\/s><l><\/l><\/div><div class=\"timeline-icon-block\"><div class=\"ult-timeline-icon tl-icon-no-bg\" style=\"   \"><\/div> <!-- icon --><\/div><div class=\"timeline-header-block\" >\n\t\t\t\t\t\t\t<div id=\"timeline-item-4098\" class=\"timeline-header\" style=\"\"><h3 class=\"ult-timeline-title ult-responsive\"  data-ultimate-target='#timeline-item-4098 .ult-timeline-title'  data-responsive-json-new='{\"font-size\":\"\",\"line-height\":\"\"}'  style=\"color:#ffffff;\">2005-2007- Specializim pasuniversitar, diplomuar n\u00eb vitin 2007 me titullin: \u201cMjek Specialist Pedodont\u201d<\/h3><div class=\"ult-responsive timeline-item-spt\"  data-ultimate-target='#timeline-item-4098 .timeline-item-spt'  data-responsive-json-new='{\"font-size\":\"\",\"line-height\":\"\"}'  style=\"\"><\/div><\/div> <!-- header --><\/div><\/div><div class=\"timeline-block \"><div class=\"timeline-dot\"><\/div><div class=\"ult-timeline-arrow\"><s><\/s><l><\/l><\/div><div class=\"timeline-icon-block\"><div class=\"ult-timeline-icon tl-icon-no-bg\" style=\"   \"><\/div> <!-- icon --><\/div><div class=\"timeline-header-block\" >\n\t\t\t\t\t\t\t<div id=\"timeline-item-2526\" class=\"timeline-header\" style=\"\"><h3 class=\"ult-timeline-title ult-responsive\"  data-ultimate-target='#timeline-item-2526 .ult-timeline-title'  data-responsive-json-new='{\"font-size\":\"\",\"line-height\":\"\"}'  style=\"color:#ffffff;\">2011-Kursi i Implantologjis\u00eb Monofazike dhe Bifazike, Ngarkes\u00eb Immediate, PRP, \u00df-TCP; Elektrosaldatur\u00eb Intra-Orale<\/h3><div class=\"ult-responsive timeline-item-spt\"  data-ultimate-target='#timeline-item-2526 .timeline-item-spt'  data-responsive-json-new='{\"font-size\":\"\",\"line-height\":\"\"}'  style=\"\"><\/div><\/div> <!-- header --><\/div><\/div><div class=\"timeline-block \"><div class=\"timeline-dot\"><\/div><div class=\"ult-timeline-arrow\"><s><\/s><l><\/l><\/div><div class=\"timeline-icon-block\"><div class=\"ult-timeline-icon tl-icon-no-bg\" style=\"   \"><\/div> <!-- icon --><\/div><div class=\"timeline-header-block\" >\n\t\t\t\t\t\t\t<div id=\"timeline-item-2299\" class=\"timeline-header\" style=\"\"><h3 class=\"ult-timeline-title ult-responsive\"  data-ultimate-target='#timeline-item-2299 .ult-timeline-title'  data-responsive-json-new='{\"font-size\":\"\",\"line-height\":\"\"}'  style=\"color:#ffffff;\">2016- Pjesmarrse n\u00eb kursin e Anatomis\u00eb Disektive t\u00eb Avancuar p\u00ebr Teknikat Implantare dhe Paradontologjike n\u00eb Universitetin e Budapestit (Semmel\u00ebeis Unversity~ Departament Patology Hungary Budapest)<\/h3><div class=\"ult-responsive timeline-item-spt\"  data-ultimate-target='#timeline-item-2299 .timeline-item-spt'  data-responsive-json-new='{\"font-size\":\"\",\"line-height\":\"\"}'  style=\"\"><\/div><\/div> <!-- header --><\/div><\/div><div class=\"timeline-block \"><div class=\"timeline-dot\"><\/div><div class=\"ult-timeline-arrow\"><s><\/s><l><\/l><\/div><div class=\"timeline-icon-block\"><div class=\"ult-timeline-icon tl-icon-no-bg\" style=\"   \"><\/div> <!-- icon --><\/div><div class=\"timeline-header-block\" >\n\t\t\t\t\t\t\t<div id=\"timeline-item-9773\" class=\"timeline-header\" style=\"\"><h3 class=\"ult-timeline-title ult-responsive\"  data-ultimate-target='#timeline-item-9773 .ult-timeline-title'  data-responsive-json-new='{\"font-size\":\"\",\"line-height\":\"\"}'  style=\"color:#ffffff;\">2016-2017- Ortodoncia Baz\u00eb dhe e avancuar p\u00ebr terapi funksionale dhe fikse n\u00ebn kujdesin e Dr. Renzo Sorato<\/h3><div class=\"ult-responsive timeline-item-spt\"  data-ultimate-target='#timeline-item-9773 .timeline-item-spt'  data-responsive-json-new='{\"font-size\":\"\",\"line-height\":\"\"}'  style=\"\"><\/div><\/div> <!-- header --><\/div><\/div><div class=\"timeline-block \"><div class=\"timeline-dot\"><\/div><div class=\"ult-timeline-arrow\"><s><\/s><l><\/l><\/div><div class=\"timeline-icon-block\"><div class=\"ult-timeline-icon tl-icon-no-bg\" style=\"   \"><\/div> <!-- icon --><\/div><div class=\"timeline-header-block\" >\n\t\t\t\t\t\t\t<div id=\"timeline-item-1993\" class=\"timeline-header\" style=\"\"><h3 class=\"ult-timeline-title ult-responsive\"  data-ultimate-target='#timeline-item-1993 .ult-timeline-title'  data-responsive-json-new='{\"font-size\":\"\",\"line-height\":\"\"}'  style=\"color:#ffffff;\">2016-2017- Ortodoncia Baz\u00eb dhe e avancuar p\u00ebr terapi funksionale dhe fikse n\u00ebn kujdesin e Dr. Renzo Sorato<\/h3><div class=\"ult-responsive timeline-item-spt\"  data-ultimate-target='#timeline-item-1993 .timeline-item-spt'  data-responsive-json-new='{\"font-size\":\"\",\"line-height\":\"\"}'  style=\"\"><\/div><\/div> <!-- header --><\/div><\/div><div class=\"timeline-block \"><div class=\"timeline-dot\"><\/div><div class=\"ult-timeline-arrow\"><s><\/s><l><\/l><\/div><div class=\"timeline-icon-block\"><div class=\"ult-timeline-icon tl-icon-no-bg\" style=\"   \"><\/div> <!-- icon --><\/div><div class=\"timeline-header-block\" >\n\t\t\t\t\t\t\t<div id=\"timeline-item-5122\" class=\"timeline-header\" style=\"\"><h3 class=\"ult-timeline-title ult-responsive\"  data-ultimate-target='#timeline-item-5122 .ult-timeline-title'  data-responsive-json-new='{\"font-size\":\"\",\"line-height\":\"\"}'  style=\"color:#ffffff;\">2017-2018- Kurs teoriko-praktik-klinik i teknik\u00ebs \u201cStraight \u00cbire\u201d n\u00eb Ortodonci.<\/h3><div class=\"ult-responsive timeline-item-spt\"  data-ultimate-target='#timeline-item-5122 .timeline-item-spt'  data-responsive-json-new='{\"font-size\":\"\",\"line-height\":\"\"}'  style=\"\"><\/div><\/div> <!-- header --><\/div><\/div><div class=\"timeline-block \"><div class=\"timeline-dot\"><\/div><div class=\"ult-timeline-arrow\"><s><\/s><l><\/l><\/div><div class=\"timeline-icon-block\"><div class=\"ult-timeline-icon tl-icon-no-bg\" style=\"   \"><\/div> <!-- icon --><\/div><div class=\"timeline-header-block\" >\n\t\t\t\t\t\t\t<div id=\"timeline-item-6373\" class=\"timeline-header\" style=\"\"><h3 class=\"ult-timeline-title ult-responsive\"  data-ultimate-target='#timeline-item-6373 .ult-timeline-title'  data-responsive-json-new='{\"font-size\":\"\",\"line-height\":\"\"}'  style=\"color:#ffffff;\">2018-2019- Kurs teoriko-praktik-klinik i Ortodoncis\u00eb s\u00eb avancuar n\u00eb bashkpunim me \u201cUniversit\u00e0 degli Studi di Cagliari\u201d Itali, n\u00ebn kujdesin e Dr. Arturo Fortini.<\/h3><div class=\"ult-responsive timeline-item-spt\"  data-ultimate-target='#timeline-item-6373 .timeline-item-spt'  data-responsive-json-new='{\"font-size\":\"\",\"line-height\":\"\"}'  style=\"\"><\/div><\/div> <!-- header --><\/div><\/div><\/div><\/div><\/div><\/div>\n\n\t\t\t<\/div>[\/vc_column][\/vc_row]<\/p>\n<\/div>","protected":false},"excerpt":{"rendered":"<p>[vc_row][vc_column][vc_empty_space height=&#8221;62px&#8221;][\/vc_column][\/vc_row][vc_row css=&#8221;.vc_custom_1597834035565{padding-top: 50px !important;padding-bottom: 50px !important;}&#8221;][vc_column width=&#8221;1\/2&#8243;][vc_custom_heading text=&#8221;Ambientet e klinik\u00ebs&#8221; font_container=&#8221;tag:h3|text_align:left|color:%23f58345&#8243; google_fonts=&#8221;font_family:Montserrat%3Aregular%2C700|font_style:700%20bold%20regular%3A700%3Anormal&#8221;][vc_column_text] Marubi Dental Center u themelua n\u00eb vitin 1996 nga Dr. Rakela &amp; Dr. Riton Marubi, pjestar\u00eb t\u00eb familjes s\u00eb njohur t\u00eb fotograf\u00ebve \u201cMarubbi\u201d. Kjo klinik\u00eb shtrihet madje n\u00eb studion e vjet\u00ebr fotografike t\u00eb dinastis\u00eb Marubbi, sot e transformuar n\u00eb nj\u00eb struktur\u00eb t\u00eb&hellip;<\/p>\n","protected":false},"author":1,"featured_media":0,"parent":0,"menu_order":0,"comment_status":"closed","ping_status":"closed","template":"","meta":{"footnotes":""},"class_list":["post-232","page","type-page","status-publish","hentry","description-off"],"_links":{"self":[{"href":"https:\/\/marubidentalcenter.com\/index.php\/wp-json\/wp\/v2\/pages\/232","targetHints":{"allow":["GET"]}}],"collection":[{"href":"https:\/\/marubidentalcenter.com\/index.php\/wp-json\/wp\/v2\/pages"}],"about":[{"href":"https:\/\/marubidentalcenter.com\/index.php\/wp-json\/wp\/v2\/types\/page"}],"author":[{"embeddable":true,"href":"https:\/\/marubidentalcenter.com\/index.php\/wp-json\/wp\/v2\/users\/1"}],"replies":[{"embeddable":true,"href":"https:\/\/marubidentalcenter.com\/index.php\/wp-json\/wp\/v2\/comments?post=232"}],"version-history":[{"count":29,"href":"https:\/\/marubidentalcenter.com\/index.php\/wp-json\/wp\/v2\/pages\/232\/revisions"}],"predecessor-version":[{"id":559,"href":"https:\/\/marubidentalcenter.com\/index.php\/wp-json\/wp\/v2\/pages\/232\/revisions\/559"}],"wp:attachment":[{"href":"https:\/\/marubidentalcenter.com\/index.php\/wp-json\/wp\/v2\/media?parent=232"}],"curies":[{"name":"wp","href":"https:\/\/api.w.org\/{rel}","templated":true}]}}