{"id":211,"date":"2020-08-19T09:06:50","date_gmt":"2020-08-19T09:06:50","guid":{"rendered":"https:\/\/marubidentalcenter.com\/?page_id=211"},"modified":"2020-10-12T15:17:32","modified_gmt":"2020-10-12T15:17:32","slug":"ortodonci","status":"publish","type":"page","link":"https:\/\/marubidentalcenter.com\/index.php\/ortodonci\/","title":{"rendered":"Ortodonci"},"content":{"rendered":"<div class=\"wpb-content-wrapper\"><p>[vc_row][vc_column][vc_empty_space height=&#8221;62px&#8221;][\/vc_column][\/vc_row][vc_row css=&#8221;.vc_custom_1597851616215{padding-bottom: 50px !important;}&#8221;][vc_column width=&#8221;1\/2&#8243;][vc_custom_heading text=&#8221;Ortodonci klasike&#8221; font_container=&#8221;tag:h2|text_align:left|color:%23f58345&#8243; google_fonts=&#8221;font_family:Montserrat%3Aregular%2C700|font_style:700%20bold%20regular%3A700%3Anormal&#8221;][vc_column_text]<\/p>\n<p style=\"text-align: justify;\">Aparate ortodontike te l\u00ebvizsshme dhe fikse<\/p>\n<p style=\"text-align: justify;\">Kjo disiplin\u00eb e stomatologjis\u00eb synon korrigjimin e problemve t\u00eb rreshtimit t\u00eb dh\u00ebmb\u00ebve dhe t\u00eb kafshimit t\u00eb pacientit.<\/p>\n<p style=\"text-align: justify;\">Para nj\u00eb trajtimi ortodontik \u00ebsht\u00eb e nevojshme t\u00eb merren disa masa, nj\u00eb grafi panoramike dhe nje grafi cefalometrike n\u00eb m\u00ebnyre q\u00eb t\u00eb b\u00ebh\u00ebt nj\u00eb studim paraprak i pacientit si dhe nj\u00eb analiz\u00eb cefalometrike e struktur\u00ebs kockore t\u00eb nofull\u00ebs e fytyr\u00ebs.<\/p>\n<p style=\"text-align: justify;\">N\u00eb baz\u00eb t\u00eb k\u00ebtij studimi t\u00eb detajuar planifikohet m\u00eb pas terapia e nevojshme p\u00ebr korrigjimin e problemeve t\u00eb rr\u00ebshtimit t\u00eb dh\u00ebmb\u00ebve tek pacienti.<\/p>\n<p style=\"text-align: justify;\">Dr. Rakela Marubi, mjeke stomatologe ortodonte, prej vitesh studion k\u00ebt\u00eb disiplin\u00eb n\u00ebn kujdesin e Ortodont\u00ebve m\u00eb me em\u00ebr n\u00eb Europ\u00eb si Dr. Arturo Fortini, Dr. Enzo Sorato duke ofruar k\u00ebshtu zgjidhjet m\u00eb t\u00eb fundit t\u00eb Ortodoncis\u00eb moderne<\/p>\n<p>[\/vc_column_text][\/vc_column][vc_column width=&#8221;1\/2&#8243;][vc_empty_space height=&#8221;42px&#8221;][vc_single_image image=&#8221;214&#8243; img_size=&#8221;full&#8221; alignment=&#8221;center&#8221;][\/vc_column][\/vc_row][vc_row css=&#8221;.vc_custom_1601468971138{padding-bottom: 50px !important;}&#8221;][vc_column width=&#8221;1\/2&#8243;][vc_single_image image=&#8221;419&#8243; img_size=&#8221;full&#8221; alignment=&#8221;center&#8221;][\/vc_column][vc_column width=&#8221;1\/2&#8243;][vc_empty_space height=&#8221;20px&#8221;][vc_custom_heading text=&#8221;Invisalign&#8221; font_container=&#8221;tag:h2|text_align:left|color:%23f58345&#8243; google_fonts=&#8221;font_family:Montserrat%3Aregular%2C700|font_style:700%20bold%20regular%3A700%3Anormal&#8221;][vc_column_text]<\/p>\n<p style=\"text-align: justify;\">Invisalign \u00ebsht\u00eb nj\u00eb trajtim i avancuar ortodontik, i dizenjuar p\u00ebr t\u00eb ndihmuar pacient\u00ebt q\u00eb t\u00eb korrigjojn\u00eb problemet e kafshimit dh\u00eb p\u00ebr t\u00eb drejtuar dh\u00ebmb\u00ebt shpejt dhe pa u v\u00ebn\u00eb re. Ndryshe nga aparatet ortodontike tradicionale prej metali,<\/p>\n<p style=\"text-align: justify;\">Invisalign funksionon me ndihmwn e maskerinave t\u00eb tejdukshme t\u00eb prodhuara n\u00eb m\u00ebnyr\u00eb kompjuterike e t\u00eb personalizuara p\u00ebr pacientin. K\u00ebto maskerina dizenjohen n\u00eb m\u00ebnyr\u00eb t\u00eb till\u00eb q\u00eb t\u00eb ushtrojn\u00eb presion t\u00eb leht\u00eb tek dh\u00ebmb\u00ebt n\u00eb faza t\u00eb caktuara t\u00eb trajtimit, duke rezultuar k\u00ebshtu n\u00eb drejtimin gradual t\u00eb dh\u00ebmb\u00ebve n\u00eb m\u00ebnyr\u00eb shum\u00eb komode p\u00ebr pacientin.<\/p>\n<p>[\/vc_column_text][\/vc_column][\/vc_row]<\/p>\n<\/div>","protected":false},"excerpt":{"rendered":"<p>[vc_row][vc_column][vc_empty_space height=&#8221;62px&#8221;][\/vc_column][\/vc_row][vc_row css=&#8221;.vc_custom_1597851616215{padding-bottom: 50px !important;}&#8221;][vc_column width=&#8221;1\/2&#8243;][vc_custom_heading text=&#8221;Ortodonci klasike&#8221; font_container=&#8221;tag:h2|text_align:left|color:%23f58345&#8243; google_fonts=&#8221;font_family:Montserrat%3Aregular%2C700|font_style:700%20bold%20regular%3A700%3Anormal&#8221;][vc_column_text] Aparate ortodontike te l\u00ebvizsshme dhe fikse Kjo disiplin\u00eb e stomatologjis\u00eb synon korrigjimin e problemve t\u00eb rreshtimit t\u00eb dh\u00ebmb\u00ebve dhe t\u00eb kafshimit t\u00eb pacientit. Para nj\u00eb trajtimi ortodontik \u00ebsht\u00eb e nevojshme t\u00eb merren disa masa, nj\u00eb grafi panoramike dhe nje grafi cefalometrike n\u00eb m\u00ebnyre q\u00eb t\u00eb&hellip;<\/p>\n","protected":false},"author":1,"featured_media":0,"parent":0,"menu_order":0,"comment_status":"closed","ping_status":"closed","template":"","meta":{"footnotes":""},"class_list":["post-211","page","type-page","status-publish","hentry","description-off"],"_links":{"self":[{"href":"https:\/\/marubidentalcenter.com\/index.php\/wp-json\/wp\/v2\/pages\/211","targetHints":{"allow":["GET"]}}],"collection":[{"href":"https:\/\/marubidentalcenter.com\/index.php\/wp-json\/wp\/v2\/pages"}],"about":[{"href":"https:\/\/marubidentalcenter.com\/index.php\/wp-json\/wp\/v2\/types\/page"}],"author":[{"embeddable":true,"href":"https:\/\/marubidentalcenter.com\/index.php\/wp-json\/wp\/v2\/users\/1"}],"replies":[{"embeddable":true,"href":"https:\/\/marubidentalcenter.com\/index.php\/wp-json\/wp\/v2\/comments?post=211"}],"version-history":[{"count":10,"href":"https:\/\/marubidentalcenter.com\/index.php\/wp-json\/wp\/v2\/pages\/211\/revisions"}],"predecessor-version":[{"id":330,"href":"https:\/\/marubidentalcenter.com\/index.php\/wp-json\/wp\/v2\/pages\/211\/revisions\/330"}],"wp:attachment":[{"href":"https:\/\/marubidentalcenter.com\/index.php\/wp-json\/wp\/v2\/media?parent=211"}],"curies":[{"name":"wp","href":"https:\/\/api.w.org\/{rel}","templated":true}]}}