{"id":143,"date":"2020-08-18T13:18:32","date_gmt":"2020-08-18T13:18:32","guid":{"rendered":"https:\/\/marubidentalcenter.com\/?page_id=143"},"modified":"2020-08-18T13:59:11","modified_gmt":"2020-08-18T13:59:11","slug":"stomatologjia-e-pergjithshme","status":"publish","type":"page","link":"https:\/\/marubidentalcenter.com\/index.php\/stomatologjia-e-pergjithshme\/","title":{"rendered":"Stomatologjia e p\u00ebrgjithshme"},"content":{"rendered":"<div class=\"wpb-content-wrapper\"><p>[vc_row][vc_column][vc_empty_space height=&#8221;62px&#8221;][\/vc_column][\/vc_row][vc_row][vc_column width=&#8221;1\/2&#8243;][vc_empty_space][vc_empty_space][vc_custom_heading text=&#8221;Parodontologji&#8221; font_container=&#8221;tag:h2|text_align:left|color:%23f58345&#8243; google_fonts=&#8221;font_family:Montserrat%3Aregular%2C700|font_style:700%20bold%20regular%3A700%3Anormal&#8221;][vc_custom_heading text=&#8221;Kjo disiplin\u00eb p\u00ebrfshim trajtim konservativ ose kirurgjikal i s\u00ebmundjeve t\u00eb mishit t\u00eb dh\u00ebmb\u00ebve dhe indeve t\u00eb tjera q\u00eb lidhin dh\u00ebmbin me kock\u00ebn.&#8221; font_container=&#8221;tag:p|text_align:left|color:%23333333&#8243; google_fonts=&#8221;font_family:Montserrat%3Aregular%2C700|font_style:400%20regular%3A400%3Anormal&#8221;][\/vc_column][vc_column width=&#8221;1\/2&#8243;][vc_single_image image=&#8221;146&#8243; img_size=&#8221;300&#215;300&#8243; alignment=&#8221;center&#8221;][\/vc_column][\/vc_row][vc_row][vc_column][vc_custom_heading text=&#8221;Endodonci&#8221; font_container=&#8221;tag:h2|text_align:left|color:%23f58345&#8243; google_fonts=&#8221;font_family:Montserrat%3Aregular%2C700|font_style:700%20bold%20regular%3A700%3Anormal&#8221;][vc_column_text]N\u00eb rastet q\u00eb Nervi i dh\u00ebmbit preket nga nje Karies ose d\u00ebmtohet si pasoj\u00eb e shkaqeve t\u00eb tjera, shfaqe dhimbje t\u00eb forta tek pacienti.N\u00eb m\u00ebnyr\u00eb q\u00eb k\u00ebto dhimbje t\u00eb eleminohen dhe q\u00eb t\u00eb rritet jetgjat\u00ebsia e dh\u00ebmbit, \u00ebsht\u00eb i nevojsh\u00ebm nj\u00eb trajtim i kanaleve t\u00eb rr\u00ebnj\u00ebs s\u00eb dh\u00ebmbit. Gjat\u00eb k\u00ebtij trajtimi, me ndihm\u00ebn e limave, kanali punohet, pastrohet dhe s\u00eb fundi mbushet me nj\u00eb material dens i cili pengon depertimin e Baktereve dhe rrit ndjeshem jetgjat\u00ebsin\u00eb e dhembit.[\/vc_column_text][vc_single_image image=&#8221;151&#8243; img_size=&#8221;full&#8221; alignment=&#8221;center&#8221;][\/vc_column][\/vc_row]<\/p>\n<\/div>","protected":false},"excerpt":{"rendered":"<p>[vc_row][vc_column][vc_empty_space height=&#8221;62px&#8221;][\/vc_column][\/vc_row][vc_row][vc_column width=&#8221;1\/2&#8243;][vc_empty_space][vc_empty_space][vc_custom_heading text=&#8221;Parodontologji&#8221; font_container=&#8221;tag:h2|text_align:left|color:%23f58345&#8243; google_fonts=&#8221;font_family:Montserrat%3Aregular%2C700|font_style:700%20bold%20regular%3A700%3Anormal&#8221;][vc_custom_heading text=&#8221;Kjo disiplin\u00eb p\u00ebrfshim trajtim konservativ ose kirurgjikal i s\u00ebmundjeve t\u00eb mishit t\u00eb dh\u00ebmb\u00ebve dhe indeve t\u00eb tjera q\u00eb lidhin dh\u00ebmbin me kock\u00ebn.&#8221; font_container=&#8221;tag:p|text_align:left|color:%23333333&#8243; google_fonts=&#8221;font_family:Montserrat%3Aregular%2C700|font_style:400%20regular%3A400%3Anormal&#8221;][\/vc_column][vc_column width=&#8221;1\/2&#8243;][vc_single_image image=&#8221;146&#8243; img_size=&#8221;300&#215;300&#8243; alignment=&#8221;center&#8221;][\/vc_column][\/vc_row][vc_row][vc_column][vc_custom_heading text=&#8221;Endodonci&#8221; font_container=&#8221;tag:h2|text_align:left|color:%23f58345&#8243; google_fonts=&#8221;font_family:Montserrat%3Aregular%2C700|font_style:700%20bold%20regular%3A700%3Anormal&#8221;][vc_column_text]N\u00eb rastet q\u00eb Nervi i dh\u00ebmbit preket nga nje Karies ose d\u00ebmtohet si pasoj\u00eb e shkaqeve t\u00eb tjera, shfaqe&hellip;<\/p>\n","protected":false},"author":1,"featured_media":0,"parent":0,"menu_order":0,"comment_status":"closed","ping_status":"closed","template":"","meta":{"footnotes":""},"class_list":["post-143","page","type-page","status-publish","hentry","description-off"],"_links":{"self":[{"href":"https:\/\/marubidentalcenter.com\/index.php\/wp-json\/wp\/v2\/pages\/143","targetHints":{"allow":["GET"]}}],"collection":[{"href":"https:\/\/marubidentalcenter.com\/index.php\/wp-json\/wp\/v2\/pages"}],"about":[{"href":"https:\/\/marubidentalcenter.com\/index.php\/wp-json\/wp\/v2\/types\/page"}],"author":[{"embeddable":true,"href":"https:\/\/marubidentalcenter.com\/index.php\/wp-json\/wp\/v2\/users\/1"}],"replies":[{"embeddable":true,"href":"https:\/\/marubidentalcenter.com\/index.php\/wp-json\/wp\/v2\/comments?post=143"}],"version-history":[{"count":10,"href":"https:\/\/marubidentalcenter.com\/index.php\/wp-json\/wp\/v2\/pages\/143\/revisions"}],"predecessor-version":[{"id":157,"href":"https:\/\/marubidentalcenter.com\/index.php\/wp-json\/wp\/v2\/pages\/143\/revisions\/157"}],"wp:attachment":[{"href":"https:\/\/marubidentalcenter.com\/index.php\/wp-json\/wp\/v2\/media?parent=143"}],"curies":[{"name":"wp","href":"https:\/\/api.w.org\/{rel}","templated":true}]}}