{"id":103,"date":"2019-10-29T15:01:29","date_gmt":"2019-10-29T15:01:29","guid":{"rendered":"https:\/\/marubidentalcenter.com\/?page_id=103"},"modified":"2020-09-29T10:45:41","modified_gmt":"2020-09-29T10:45:41","slug":"sherbime","status":"publish","type":"page","link":"https:\/\/marubidentalcenter.com\/index.php\/sherbime\/","title":{"rendered":"Sh\u00ebrbime"},"content":{"rendered":"<div class=\"wpb-content-wrapper\"><p>[vc_row][vc_column][vc_empty_space height=&#8221;62px&#8221;][\/vc_column][\/vc_row][vc_row][vc_column width=&#8221;1\/3&#8243;]<div class=\"ult-content-box-container kuti\" >\t\t<div class=\"ult-content-box\" style=\"background-image:url(&#039;https:\/\/marubidentalcenter.com\/wp-content\/uploads\/2019\/10\/2-1.jpg&#039;);background-size: cover;background-repeat: repeat;background-position: center center;background-color: rgba(0, 0, 0, 0);box-shadow: px px px px none;-webkit-transition: all 700ms ease;-moz-transition: all 700ms ease;-ms-transition: all 700ms ease;-o-transition: all 700ms ease;transition: all 700ms ease;\"  data-hover_box_shadow=\"none\"    >[vc_empty_space height=&#8221;300px&#8221;][vc_custom_heading text=&#8221;Stomatologjia e p\u00ebrgjithshme&#8221; font_container=&#8221;tag:h2|font_size:25|text_align:left|color:%230984e3&#8243; google_fonts=&#8221;font_family:Montserrat%3Aregular%2C700|font_style:700%20bold%20regular%3A700%3Anormal&#8221; css=&#8221;.vc_custom_1598618306654{padding-top: 20px !important;padding-left: 20px !important;}&#8221; link=&#8221;url:https%3A%2F%2Fmarubidentalcenter.com%2Findex.php%2Fstomatologjia-e-pergjithshme%2F|||&#8221;][vc_custom_heading text=&#8221;Ofrojm\u00eb trajtime t\u00eb s\u00ebmundjeve t\u00eb mishit t\u00eb dh\u00ebmb\u00ebve si dhe trajtime t\u00eb nevojshme<br \/>\nt\u00eb kanaleve t\u00eb rr\u00ebnj\u00ebs s\u00eb dh\u00ebmbit &#8230;&#8221; font_container=&#8221;tag:p|text_align:left|color:%23333333&#8243; google_fonts=&#8221;font_family:Montserrat%3Aregular%2C700|font_style:400%20regular%3A400%3Anormal&#8221; css=&#8221;.vc_custom_1598612548481{padding-left: 20px !important;}&#8221;][vc_empty_space height=&#8221;20px&#8221;][vc_custom_heading text=&#8221;M\u00ebso m\u00eb shum\u00eb&#8221; font_container=&#8221;tag:p|text_align:left|color:%230984e3&#8243; google_fonts=&#8221;font_family:Montserrat%3Aregular%2C700|font_style:700%20bold%20regular%3A700%3Anormal&#8221; css=&#8221;.vc_custom_1598618252045{padding-left: 20px !important;}&#8221; link=&#8221;url:https%3A%2F%2Fmarubidentalcenter.com%2Findex.php%2Fstomatologjia-e-pergjithshme%2F|||&#8221;][vc_empty_space height=&#8221;5px&#8221;]\t\t<\/div><\/div>[\/vc_column][vc_column width=&#8221;1\/3&#8243;]<div class=\"ult-content-box-container kuti\" >\t\t<div class=\"ult-content-box\" style=\"background-image:url(&#039;https:\/\/marubidentalcenter.com\/wp-content\/uploads\/2019\/10\/3-1.jpg&#039;);background-size: cover;background-repeat: repeat;background-position: center center;background-color: rgba(0, 0, 0, 0);box-shadow: px px px px none;-webkit-transition: all 700ms ease;-moz-transition: all 700ms ease;-ms-transition: all 700ms ease;-o-transition: all 700ms ease;transition: all 700ms ease;\"  data-hover_box_shadow=\"none\"    >[vc_empty_space height=&#8221;300px&#8221;][vc_custom_heading text=&#8221;Ortodonci&#8221; font_container=&#8221;tag:h2|font_size:25|text_align:left|color:%2300b894&#8243; google_fonts=&#8221;font_family:Montserrat%3Aregular%2C700|font_style:700%20bold%20regular%3A700%3Anormal&#8221; css=&#8221;.vc_custom_1598618295477{padding-top: 20px !important;padding-left: 20px !important;}&#8221; link=&#8221;url:https%3A%2F%2Fmarubidentalcenter.com%2Findex.php%2Fortodonci%2F|||&#8221;][vc_custom_heading text=&#8221;Aparate ortodontike te l\u00ebvizsshme dhe fikse. Kjo disiplin\u00eb e stomatologjis\u00eb synon korrigjimin e problemve t\u00eb rreshtimit t\u00eb dh\u00ebmb\u00ebve dhe t\u00eb kafshimit t\u00eb pacientit &#8230;&#8221; font_container=&#8221;tag:p|text_align:left|color:%23333333&#8243; google_fonts=&#8221;font_family:Montserrat%3Aregular%2C700|font_style:400%20regular%3A400%3Anormal&#8221; css=&#8221;.vc_custom_1598613479184{padding-left: 20px !important;}&#8221;][vc_empty_space height=&#8221;30px&#8221;][vc_custom_heading text=&#8221;M\u00ebso m\u00eb shum\u00eb&#8221; font_container=&#8221;tag:p|text_align:left|color:%2300b894&#8243; google_fonts=&#8221;font_family:Montserrat%3Aregular%2C700|font_style:700%20bold%20regular%3A700%3Anormal&#8221; css=&#8221;.vc_custom_1598618317208{padding-left: 20px !important;}&#8221; link=&#8221;url:https%3A%2F%2Fmarubidentalcenter.com%2Findex.php%2Fortodonci%2F|||&#8221;][vc_empty_space height=&#8221;5px&#8221;]\t\t<\/div><\/div>[\/vc_column][vc_column width=&#8221;1\/3&#8243;]<div class=\"ult-content-box-container kuti\" >\t\t<div class=\"ult-content-box\" style=\"background-image:url(&#039;https:\/\/marubidentalcenter.com\/wp-content\/uploads\/2020\/08\/lazeri.png&#039;);background-size: cover;background-repeat: repeat;background-position: center center;background-color: rgba(0, 0, 0, 0);box-shadow: px px px px none;-webkit-transition: all 700ms ease;-moz-transition: all 700ms ease;-ms-transition: all 700ms ease;-o-transition: all 700ms ease;transition: all 700ms ease;\"  data-hover_box_shadow=\"none\"    >[vc_empty_space height=&#8221;300px&#8221;][vc_custom_heading text=&#8221;Trajtim me lazer&#8221; font_container=&#8221;tag:h2|font_size:25|text_align:left|color:%23fdcb6e&#8221; google_fonts=&#8221;font_family:Montserrat%3Aregular%2C700|font_style:700%20bold%20regular%3A700%3Anormal&#8221; css=&#8221;.vc_custom_1598618332366{padding-top: 20px !important;padding-left: 20px !important;}&#8221; link=&#8221;url:https%3A%2F%2Fmarubidentalcenter.com%2Findex.php%2Ftrajtim-me-lazer%2F|||&#8221;][vc_custom_heading text=&#8221;Ofrojm\u00eb p\u00ebrdorimin e lazerit p\u00ebr shum\u00eb procedura n\u00eb goj\u00eb e dh\u00ebmb\u00eb si : zbardhimi, trajtim i afteve, trajtim perikoroniti n\u00eb dh\u00ebmb\u00ebt e pjekuris\u00eb &#8230;&#8221; font_container=&#8221;tag:p|text_align:left|color:%23333333&#8243; google_fonts=&#8221;font_family:Montserrat%3Aregular%2C700|font_style:400%20regular%3A400%3Anormal&#8221; css=&#8221;.vc_custom_1598613768408{padding-left: 20px !important;}&#8221;][vc_empty_space height=&#8221;20px&#8221;][vc_custom_heading text=&#8221;M\u00ebso m\u00eb shum\u00eb&#8221; font_container=&#8221;tag:p|text_align:left|color:%23fdcb6e&#8221; google_fonts=&#8221;font_family:Montserrat%3Aregular%2C700|font_style:700%20bold%20regular%3A700%3Anormal&#8221; css=&#8221;.vc_custom_1598618282017{padding-left: 20px !important;}&#8221; link=&#8221;url:https%3A%2F%2Fmarubidentalcenter.com%2Findex.php%2Ftrajtim-me-lazer%2F|||&#8221;][vc_empty_space height=&#8221;5px&#8221;]\t\t<\/div><\/div>[\/vc_column][\/vc_row][vc_row][vc_column][vc_empty_space][\/vc_column][\/vc_row][vc_row][vc_column width=&#8221;1\/3&#8243;]<div class=\"ult-content-box-container kuti\" >\t\t<div class=\"ult-content-box\" style=\"background-image:url(&#039;https:\/\/marubidentalcenter.com\/wp-content\/uploads\/2019\/10\/2-1.jpg&#039;);background-size: cover;background-repeat: repeat;background-position: center center;background-color: rgba(0, 0, 0, 0);box-shadow: px px px px none;-webkit-transition: all 700ms ease;-moz-transition: all 700ms ease;-ms-transition: all 700ms ease;-o-transition: all 700ms ease;transition: all 700ms ease;\"  data-hover_box_shadow=\"none\"    >[vc_empty_space height=&#8221;300px&#8221;][vc_custom_heading text=&#8221;Stomatologjia estetike&#8221; font_container=&#8221;tag:h2|font_size:25|text_align:left|color:%230984e3&#8243; google_fonts=&#8221;font_family:Montserrat%3Aregular%2C700|font_style:700%20bold%20regular%3A700%3Anormal&#8221; css=&#8221;.vc_custom_1598618348082{padding-top: 20px !important;padding-left: 20px !important;}&#8221; link=&#8221;url:https%3A%2F%2Fmarubidentalcenter.com%2Findex.php%2Fstomatologjia-estetike%2F|||&#8221;][vc_custom_heading text=&#8221;Ofrojm\u00eb pastrime profesionale t\u00eb dh\u00ebmb\u00ebve, zbardhime profesionale t\u00eb tyre, faseta emax, kurora Zirkoni \/ Prettau \/ E-Max si dhe Mbushje estetike kompoziti&#8230;&#8221; font_container=&#8221;tag:p|text_align:left|color:%23333333&#8243; google_fonts=&#8221;font_family:Montserrat%3Aregular%2C700|font_style:400%20regular%3A400%3Anormal&#8221; css=&#8221;.vc_custom_1598612539039{padding-left: 20px !important;}&#8221;][vc_empty_space height=&#8221;20px&#8221;][vc_custom_heading text=&#8221;M\u00ebso m\u00eb shum\u00eb&#8221; font_container=&#8221;tag:p|text_align:left|color:%230984e3&#8243; google_fonts=&#8221;font_family:Montserrat%3Aregular%2C700|font_style:700%20bold%20regular%3A700%3Anormal&#8221; css=&#8221;.vc_custom_1598618361993{padding-left: 20px !important;}&#8221; link=&#8221;url:https%3A%2F%2Fmarubidentalcenter.com%2Findex.php%2Fstomatologjia-estetike%2F|||&#8221;][vc_empty_space height=&#8221;5px&#8221;]\t\t<\/div><\/div>[\/vc_column][vc_column width=&#8221;1\/3&#8243;]<div class=\"ult-content-box-container kuti\" >\t\t<div class=\"ult-content-box\" style=\"background-image:url(&#039;https:\/\/marubidentalcenter.com\/wp-content\/uploads\/2019\/10\/1-1.jpg&#039;);background-size: cover;background-repeat: repeat;background-position: center center;background-color: rgba(0, 0, 0, 0);box-shadow: px px px px none;-webkit-transition: all 700ms ease;-moz-transition: all 700ms ease;-ms-transition: all 700ms ease;-o-transition: all 700ms ease;transition: all 700ms ease;\"  data-hover_box_shadow=\"none\"    >[vc_empty_space height=&#8221;300px&#8221;][vc_custom_heading text=&#8221;Kirurgjia orale&#8221; font_container=&#8221;tag:h2|font_size:25|text_align:left|color:%23fdcb6e&#8221; google_fonts=&#8221;font_family:Montserrat%3Aregular%2C700|font_style:700%20bold%20regular%3A700%3Anormal&#8221; css=&#8221;.vc_custom_1598618429152{padding-top: 20px !important;padding-left: 20px !important;}&#8221; link=&#8221;url:https%3A%2F%2Fmarubidentalcenter.com%2Findex.php%2Fimplantologjia-e-avancuar%2F|||&#8221;][vc_custom_heading text=&#8221;Ofrojm\u00eb kirurgji dentale p\u00ebr heqjen e dh\u00ebmball\u00ebve t\u00eb pjekuris\u00eb, rezeksion apikal, kirurgji parodontale-trajtim me lazer si dhe trajtimi i Abceseve dhe kistave.&#8221; font_container=&#8221;tag:p|text_align:left|color:%23333333&#8243; google_fonts=&#8221;font_family:Montserrat%3Aregular%2C700|font_style:400%20regular%3A400%3Anormal&#8221; css=&#8221;.vc_custom_1598613006786{padding-left: 20px !important;}&#8221;][vc_empty_space height=&#8221;20px&#8221;][vc_custom_heading text=&#8221;M\u00ebso m\u00eb shum\u00eb&#8221; font_container=&#8221;tag:p|text_align:left|color:%23fdcb6e&#8221; google_fonts=&#8221;font_family:Montserrat%3Aregular%2C700|font_style:700%20bold%20regular%3A700%3Anormal&#8221; css=&#8221;.vc_custom_1598618410833{padding-left: 20px !important;}&#8221; link=&#8221;url:https%3A%2F%2Fmarubidentalcenter.com%2Findex.php%2Fimplantologjia-e-avancuar%2F|title:IMPLANTOLOGJIA%20e%20AVANCUAR||&#8221;][vc_empty_space height=&#8221;5px&#8221;]\t\t<\/div><\/div>[\/vc_column][vc_column width=&#8221;1\/3&#8243;]<div class=\"ult-content-box-container kuti\" >\t\t<div class=\"ult-content-box\" style=\"background-image:url(&#039;https:\/\/marubidentalcenter.com\/wp-content\/uploads\/2020\/08\/radiologjik.png&#039;);background-size: cover;background-repeat: repeat;background-position: center center;background-color: rgba(0, 0, 0, 0);box-shadow: px px px px none;-webkit-transition: all 700ms ease;-moz-transition: all 700ms ease;-ms-transition: all 700ms ease;-o-transition: all 700ms ease;transition: all 700ms ease;\"  data-hover_box_shadow=\"none\"    >[vc_empty_space height=&#8221;280px&#8221;][vc_custom_heading text=&#8221;Diagnostikim Radiologjik&#8221; font_container=&#8221;tag:h2|font_size:25|text_align:left|color:%2300b894&#8243; google_fonts=&#8221;font_family:Montserrat%3Aregular%2C700|font_style:700%20bold%20regular%3A700%3Anormal&#8221; css=&#8221;.vc_custom_1598618440808{padding-top: 20px !important;padding-left: 20px !important;}&#8221; link=&#8221;url:https%3A%2F%2Fmarubidentalcenter.com%2Findex.php%2Fdiagnostikim-radiologjik%2F|||&#8221;][vc_custom_heading text=&#8221;N\u00eb ambientet e klinik\u00ebs son\u00eb mund t\u00eb kryhen ekzaminime radiologjike si: Grafi<br \/>\nPanoramike (e t\u00eb gjith\u00eb goj\u00ebs), cefalometrike si dhe grafi intraorale &#8230;&#8221; font_container=&#8221;tag:p|text_align:left|color:%23333333&#8243; google_fonts=&#8221;font_family:Montserrat%3Aregular%2C700|font_style:400%20regular%3A400%3Anormal&#8221; css=&#8221;.vc_custom_1598613294641{padding-left: 20px !important;}&#8221; link=&#8221;url:https%3A%2F%2Fmarubidentalcenter.com%2Findex.php%2Fpunime-qeramike-integrale%2F|title:Punime%20Qeramike%20Integrale||&#8221;][vc_custom_heading text=&#8221;M\u00ebso m\u00eb shum\u00eb&#8221; font_container=&#8221;tag:p|text_align:left|color:%2300b894&#8243; google_fonts=&#8221;font_family:Montserrat%3Aregular%2C700|font_style:700%20bold%20regular%3A700%3Anormal&#8221; css=&#8221;.vc_custom_1598618456200{padding-left: 20px !important;}&#8221; link=&#8221;url:https%3A%2F%2Fmarubidentalcenter.com%2Findex.php%2Fdiagnostikim-radiologjik%2F|||&#8221;][vc_empty_space height=&#8221;5px&#8221;]\t\t<\/div><\/div>[\/vc_column][\/vc_row][vc_row][vc_column][vc_empty_space height=&#8221;40px&#8221;][\/vc_column][\/vc_row]<\/p>\n<\/div>","protected":false},"excerpt":{"rendered":"<p>[vc_row][vc_column][vc_empty_space height=&#8221;62px&#8221;][\/vc_column][\/vc_row][vc_row][vc_column width=&#8221;1\/3&#8243;][\/vc_column][vc_column width=&#8221;1\/3&#8243;][\/vc_column][vc_column width=&#8221;1\/3&#8243;][\/vc_column][\/vc_row][vc_row][vc_column][vc_empty_space][\/vc_column][\/vc_row][vc_row][vc_column width=&#8221;1\/3&#8243;][\/vc_column][vc_column width=&#8221;1\/3&#8243;][\/vc_column][vc_column width=&#8221;1\/3&#8243;][\/vc_column][\/vc_row][vc_row][vc_column][vc_empty_space height=&#8221;40px&#8221;][\/vc_column][\/vc_row]<\/p>\n","protected":false},"author":1,"featured_media":0,"parent":0,"menu_order":0,"comment_status":"closed","ping_status":"closed","template":"","meta":{"footnotes":""},"class_list":["post-103","page","type-page","status-publish","hentry","description-off"],"_links":{"self":[{"href":"https:\/\/marubidentalcenter.com\/index.php\/wp-json\/wp\/v2\/pages\/103","targetHints":{"allow":["GET"]}}],"collection":[{"href":"https:\/\/marubidentalcenter.com\/index.php\/wp-json\/wp\/v2\/pages"}],"about":[{"href":"https:\/\/marubidentalcenter.com\/index.php\/wp-json\/wp\/v2\/types\/page"}],"author":[{"embeddable":true,"href":"https:\/\/marubidentalcenter.com\/index.php\/wp-json\/wp\/v2\/users\/1"}],"replies":[{"embeddable":true,"href":"https:\/\/marubidentalcenter.com\/index.php\/wp-json\/wp\/v2\/comments?post=103"}],"version-history":[{"count":17,"href":"https:\/\/marubidentalcenter.com\/index.php\/wp-json\/wp\/v2\/pages\/103\/revisions"}],"predecessor-version":[{"id":377,"href":"https:\/\/marubidentalcenter.com\/index.php\/wp-json\/wp\/v2\/pages\/103\/revisions\/377"}],"wp:attachment":[{"href":"https:\/\/marubidentalcenter.com\/index.php\/wp-json\/wp\/v2\/media?parent=103"}],"curies":[{"name":"wp","href":"https:\/\/api.w.org\/{rel}","templated":true}]}}